{"id":6470,"date":"2026-01-24T09:48:02","date_gmt":"2026-01-24T08:48:02","guid":{"rendered":"https:\/\/glory48.de\/?post_type=product&#038;p=6470"},"modified":"2026-02-18T13:37:52","modified_gmt":"2026-02-18T12:37:52","slug":"longsleeve_fe_black","status":"publish","type":"product","link":"https:\/\/glory48.de\/en\/shop\/longsleeves\/longsleeve_fe_black\/","title":{"rendered":"Longsleeve &#8220;FE&#8221;"},"content":{"rendered":"","protected":false},"excerpt":{"rendered":"<p><span style=\"font-size: 70%;\">In accordance with \u00a7\u202f19 of the German VAT Act (UStG), no VAT (Value Added Tax) is charged.<\/span><\/p>\n\t<div id=\"accordion-698178672\" class=\"accordion-item\">\n\t\t<a id=\"accordion-698178672-label\" class=\"accordion-title plain\" href=\"#accordion-item-produktbeschreibung\" aria-expanded=\"false\" aria-controls=\"accordion-698178672-content\" >\n\t\t\t<button class=\"toggle\" aria-label=\"Toggle\"><i class=\"icon-angle-down\"><\/i><\/button>\n\t\t\t<span>Product description<\/span>\n\t\t<\/a>\n\t\t<div id=\"accordion-698178672-content\" class=\"accordion-inner\" aria-labelledby=\"accordion-698178672-label\" >\n\t\t\t\nKlassisch geschnittenes Longsleeve mit Aufdruck auf der Vorderseite. Elastische B\u00fcndchen an \u00c4rmeln. Verst\u00e4rktes Nackenband. Doppeln\u00e4hte an Bund und \u00c4rmeln. 100 % Baumwolle.<\/p>\n\t\t<\/div>\n\t<\/div>\n\t\n\t<div id=\"accordion-3177935220\" class=\"accordion-item\">\n\t\t<a id=\"accordion-3177935220-label\" class=\"accordion-title plain\" href=\"#accordion-item-pflegehinweise\" aria-expanded=\"false\" aria-controls=\"accordion-3177935220-content\" >\n\t\t\t<button class=\"toggle\" aria-label=\"Toggle\"><i class=\"icon-angle-down\"><\/i><\/button>\n\t\t\t<span>Care instructions<\/span>\n\t\t<\/a>\n\t\t<div id=\"accordion-3177935220-content\" class=\"accordion-inner\" aria-labelledby=\"accordion-3177935220-label\" >\n\t\t\t\n100% Baumwolle. Waschbar mit Maschine bei 30 Grad. Nur r\u00fcckseitig b\u00fcgeln. Nicht \u00fcber Aufdruck b\u00fcgeln. Mit \u00e4hnlichen Farben waschen. Nicht f\u00fcr Trockner geeignet.<br \/>\n\t\t<\/div>\n\t<\/div>\n\t\n\t<div id=\"accordion-3708327835\" class=\"accordion-item\">\n\t\t<a id=\"accordion-3708327835-label\" class=\"accordion-title plain\" href=\"#accordion-item-versand-und-retour\" aria-expanded=\"false\" aria-controls=\"accordion-3708327835-content\" >\n\t\t\t<button class=\"toggle\" aria-label=\"Toggle\"><i class=\"icon-angle-down\"><\/i><\/button>\n\t\t\t<span>Shipping and returns<\/span>\n\t\t<\/a>\n\t\t<div id=\"accordion-3708327835-content\" class=\"accordion-inner\" aria-labelledby=\"accordion-3708327835-label\" >\n\t\t\t\n<ul>\n<li>Shipping only within the EU (Germany and other European Union countries).<\/li>\n<li>Ready for shipping in max. 5 business days + delivery time (Germany: 2\u20134 business days, EU: 3\u20137 business days).<\/li>\n<li>Shipping costs DE: 5 EUR | EU: 15 EUR<\/li>\n<li>No shipping costs for orders over EUR 48 (within Germany) or EUR 150 (within the EU)<\/li>\n<li>The buyer bears the return shipping costs.<\/li>\n<\/ul>\n<h3><strong style=\"font-size: 90%;\"><a href=\"\/en\/versand\/\">Detailed Shipping Information<\/a><\/strong><br \/>\n\t\t<\/div>\n\t<\/div>\n\t<\/h3>\n\t<div id=\"accordion-3579160668\" class=\"accordion-item\">\n\t\t<a id=\"accordion-3579160668-label\" class=\"accordion-title plain\" href=\"#accordion-item-gr\u00f6\u00dfentabelle\" aria-expanded=\"false\" aria-controls=\"accordion-3579160668-content\" >\n\t\t\t<button class=\"toggle\" aria-label=\"Toggle\"><i class=\"icon-angle-down\"><\/i><\/button>\n\t\t\t<span>Size chart<\/span>\n\t\t<\/a>\n\t\t<div id=\"accordion-3579160668-content\" class=\"accordion-inner\" aria-labelledby=\"accordion-3579160668-label\" >\n\t\t\t\n<p>Gr\u00f6\u00dfentabelle folgt.<\/p>\n\t\t<\/div>\n\t<\/div>\n\t\n<p>&nbsp;<\/p>","protected":false},"featured_media":6465,"template":"","meta":[],"product_brand":[198],"product_cat":[214,187],"product_tag":[161,177,176,182],"class_list":{"0":"post-6470","1":"product","2":"type-product","3":"status-publish","4":"has-post-thumbnail","6":"product_brand-fortyeight","7":"product_cat-new","8":"product_cat-longsleeves","9":"product_tag-fortyeight","10":"product_tag-fortyeight-berlin","11":"product_tag-fortyeight-clothing","12":"product_tag-glory48-de","14":"first","15":"instock","16":"shipping-taxable","17":"purchasable","18":"product-type-variable"},"jetpack_sharing_enabled":true,"_links":{"self":[{"href":"https:\/\/glory48.de\/en\/wp-json\/wp\/v2\/product\/6470","targetHints":{"allow":["GET"]}}],"collection":[{"href":"https:\/\/glory48.de\/en\/wp-json\/wp\/v2\/product"}],"about":[{"href":"https:\/\/glory48.de\/en\/wp-json\/wp\/v2\/types\/product"}],"wp:featuredmedia":[{"embeddable":true,"href":"https:\/\/glory48.de\/en\/wp-json\/wp\/v2\/media\/6465"}],"wp:attachment":[{"href":"https:\/\/glory48.de\/en\/wp-json\/wp\/v2\/media?parent=6470"}],"wp:term":[{"taxonomy":"product_brand","embeddable":true,"href":"https:\/\/glory48.de\/en\/wp-json\/wp\/v2\/product_brand?post=6470"},{"taxonomy":"product_cat","embeddable":true,"href":"https:\/\/glory48.de\/en\/wp-json\/wp\/v2\/product_cat?post=6470"},{"taxonomy":"product_tag","embeddable":true,"href":"https:\/\/glory48.de\/en\/wp-json\/wp\/v2\/product_tag?post=6470"}],"curies":[{"name":"wp","href":"https:\/\/api.w.org\/{rel}","templated":true}]}}