{"id":6395,"date":"2025-11-10T12:51:34","date_gmt":"2025-11-10T11:51:34","guid":{"rendered":"https:\/\/glory48.de\/?post_type=product&#038;p=6395"},"modified":"2026-02-18T13:46:44","modified_gmt":"2026-02-18T12:46:44","slug":"glorystyle","status":"publish","type":"product","link":"https:\/\/glory48.de\/en\/shop\/t-shirts-2\/glorystyle\/","title":{"rendered":"T-Shirt &#8220;GLORY &#8216;N STYLE&#8221;"},"content":{"rendered":"","protected":false},"excerpt":{"rendered":"<p><span style=\"font-size: 70%;\">In accordance with \u00a7\u202f19 of the German VAT Act (UStG), no VAT (Value Added Tax) is charged.<\/span><\/p>\n\t<div id=\"accordion-2588313714\" class=\"accordion-item\">\n\t\t<a id=\"accordion-2588313714-label\" class=\"accordion-title plain\" href=\"#accordion-item-produktbeschreibung\" aria-expanded=\"false\" aria-controls=\"accordion-2588313714-content\" >\n\t\t\t<button class=\"toggle\" aria-label=\"Toggle\"><i class=\"icon-angle-down\"><\/i><\/button>\n\t\t\t<span>Product description<\/span>\n\t\t<\/a>\n\t\t<div id=\"accordion-2588313714-content\" class=\"accordion-inner\" aria-labelledby=\"accordion-2588313714-label\" >\n\t\t\t\nKlassisch geschnittenes T-Shirt mit Aufdruck auf der Vorderseite. Verst\u00e4rktes Nackenband. Doppeln\u00e4hte an Bund und \u00c4rmeln. 100 % Baumwolle. 190 g\/m\u00b2.<br \/>\n\t\t<\/div>\n\t<\/div>\n\t\n\t<div id=\"accordion-3993828116\" class=\"accordion-item\">\n\t\t<a id=\"accordion-3993828116-label\" class=\"accordion-title plain\" href=\"#accordion-item-pflegehinweise\" aria-expanded=\"false\" aria-controls=\"accordion-3993828116-content\" >\n\t\t\t<button class=\"toggle\" aria-label=\"Toggle\"><i class=\"icon-angle-down\"><\/i><\/button>\n\t\t\t<span>Care instructions<\/span>\n\t\t<\/a>\n\t\t<div id=\"accordion-3993828116-content\" class=\"accordion-inner\" aria-labelledby=\"accordion-3993828116-label\" >\n\t\t\t\n100% Baumwolle. Waschbar mit Maschine bei 30 Grad. Nur r\u00fcckseitig b\u00fcgeln. Nicht \u00fcber Aufdruck b\u00fcgeln. Mit \u00e4hnlichen Farben waschen. Nicht f\u00fcr Trockner geeignet.<br \/>\n\t\t<\/div>\n\t<\/div>\n\t\n\t<div id=\"accordion-433617367\" class=\"accordion-item\">\n\t\t<a id=\"accordion-433617367-label\" class=\"accordion-title plain\" href=\"#accordion-item-versand-und-retour\" aria-expanded=\"false\" aria-controls=\"accordion-433617367-content\" >\n\t\t\t<button class=\"toggle\" aria-label=\"Toggle\"><i class=\"icon-angle-down\"><\/i><\/button>\n\t\t\t<span>Shipping and returns<\/span>\n\t\t<\/a>\n\t\t<div id=\"accordion-433617367-content\" class=\"accordion-inner\" aria-labelledby=\"accordion-433617367-label\" >\n\t\t\t\n<ul>\n<li>Shipping only within the EU (Germany and other European Union countries).<\/li>\n<li>Ready for shipping in max. 5 business days + delivery time (Germany: 2\u20134 business days, EU: 3\u20137 business days).<\/li>\n<li>Shipping costs DE: 5 EUR | EU: 15 EUR<\/li>\n<li>No shipping costs for orders over EUR 48 (within Germany) or EUR 150 (within the EU)<\/li>\n<li>The buyer bears the return shipping costs.<\/li>\n<\/ul>\n<h3><strong style=\"font-size: 90%;\"><a href=\"\/en\/versand\/\">Detailed Shipping Information<\/a><\/strong><br \/>\n\t\t<\/div>\n\t<\/div>\n\t<\/h3>\n\t<div id=\"accordion-2438687246\" class=\"accordion-item\">\n\t\t<a id=\"accordion-2438687246-label\" class=\"accordion-title plain\" href=\"#accordion-item-gr\u00f6\u00dfentabelle\" aria-expanded=\"false\" aria-controls=\"accordion-2438687246-content\" >\n\t\t\t<button class=\"toggle\" aria-label=\"Toggle\"><i class=\"icon-angle-down\"><\/i><\/button>\n\t\t\t<span>Size chart<\/span>\n\t\t<\/a>\n\t\t<div id=\"accordion-2438687246-content\" class=\"accordion-inner\" aria-labelledby=\"accordion-2438687246-label\" >\n\t\t\t\n<p>Click on the table to enlarge. Opens in a new tab.<br \/>\n<img loading=\"lazy\" decoding=\"async\" class=\"alignnone wp-image-5962 size-medium\" src=\"https:\/\/glory48.de\/wp-content\/uploads\/2025\/07\/Groessentabelle_TSHIRTS-320x400.jpg\" alt=\"\" width=\"320\" height=\"400\" srcset=\"https:\/\/glory48.de\/wp-content\/uploads\/2025\/07\/Groessentabelle_TSHIRTS-320x400.jpg 320w, https:\/\/glory48.de\/wp-content\/uploads\/2025\/07\/Groessentabelle_TSHIRTS-640x800.jpg 640w, https:\/\/glory48.de\/wp-content\/uploads\/2025\/07\/Groessentabelle_TSHIRTS-768x960.jpg 768w, https:\/\/glory48.de\/wp-content\/uploads\/2025\/07\/Groessentabelle_TSHIRTS-247x309.jpg 247w, https:\/\/glory48.de\/wp-content\/uploads\/2025\/07\/Groessentabelle_TSHIRTS-510x638.jpg 510w, https:\/\/glory48.de\/wp-content\/uploads\/2025\/07\/Groessentabelle_TSHIRTS.jpg 1196w\" sizes=\"auto, (max-width: 320px) 100vw, 320px\" \/><br \/>\n\t\t<\/div>\n\t<\/div>\n\t\n<p>&nbsp;<\/p>","protected":false},"featured_media":6406,"template":"","meta":[],"product_brand":[198],"product_cat":[185],"product_tag":[161,177,176,182],"class_list":{"0":"post-6395","1":"product","2":"type-product","3":"status-publish","4":"has-post-thumbnail","6":"product_brand-fortyeight","7":"product_cat-t-shirts-2","8":"product_tag-fortyeight","9":"product_tag-fortyeight-berlin","10":"product_tag-fortyeight-clothing","11":"product_tag-glory48-de","13":"first","14":"instock","15":"shipping-taxable","16":"purchasable","17":"product-type-variable"},"jetpack_sharing_enabled":true,"_links":{"self":[{"href":"https:\/\/glory48.de\/en\/wp-json\/wp\/v2\/product\/6395","targetHints":{"allow":["GET"]}}],"collection":[{"href":"https:\/\/glory48.de\/en\/wp-json\/wp\/v2\/product"}],"about":[{"href":"https:\/\/glory48.de\/en\/wp-json\/wp\/v2\/types\/product"}],"wp:featuredmedia":[{"embeddable":true,"href":"https:\/\/glory48.de\/en\/wp-json\/wp\/v2\/media\/6406"}],"wp:attachment":[{"href":"https:\/\/glory48.de\/en\/wp-json\/wp\/v2\/media?parent=6395"}],"wp:term":[{"taxonomy":"product_brand","embeddable":true,"href":"https:\/\/glory48.de\/en\/wp-json\/wp\/v2\/product_brand?post=6395"},{"taxonomy":"product_cat","embeddable":true,"href":"https:\/\/glory48.de\/en\/wp-json\/wp\/v2\/product_cat?post=6395"},{"taxonomy":"product_tag","embeddable":true,"href":"https:\/\/glory48.de\/en\/wp-json\/wp\/v2\/product_tag?post=6395"}],"curies":[{"name":"wp","href":"https:\/\/api.w.org\/{rel}","templated":true}]}}