{"id":633,"date":"2017-12-11T20:18:21","date_gmt":"2017-12-11T19:18:21","guid":{"rendered":"http:\/\/glory48.de\/?post_type=product&#038;p=633"},"modified":"2025-09-09T01:01:19","modified_gmt":"2025-09-08T23:01:19","slug":"stay48","status":"publish","type":"product","link":"https:\/\/glory48.de\/en\/shop\/archive\/stay48\/","title":{"rendered":"T-Shirt \u201eSTAY 48&#8243;"},"content":{"rendered":"<p>&nbsp;<\/p>\n<p>&nbsp;<\/p>","protected":false},"excerpt":{"rendered":"<p><strong>Klassisch geschnittenes Rundhals-T-Shirt mit Aufdruck auf der Brustseite. 100% Baumwolle.\u00a0Doppeln\u00e4hte an Bund und \u00c4rmeln. Rippkragen mit Elastan-Anteil und verst\u00e4rktes Nackenband.<\/strong><\/p>\n<p><strong><a href=\"\/en\/versand\/\">Shipping <\/a><\/strong>only within Germany. Delivery time is max. 5 business days.<\/p>\n<p><span style=\"font-size: 90%;\">In accordance with \u00a7\u202f19 of the German VAT Act (UStG), no VAT (Value Added Tax) is charged.<\/span><\/p>","protected":false},"featured_media":2790,"template":"","meta":[],"product_brand":[],"product_cat":[153],"product_tag":[25,26],"class_list":{"0":"post-633","1":"product","2":"type-product","3":"status-publish","4":"has-post-thumbnail","6":"product_cat-archive","7":"product_tag-man","8":"product_tag-t-shirt","10":"first","11":"instock","12":"sale","13":"shipping-taxable","14":"purchasable","15":"product-type-variable","16":"has-default-attributes"},"jetpack_sharing_enabled":true,"_links":{"self":[{"href":"https:\/\/glory48.de\/en\/wp-json\/wp\/v2\/product\/633","targetHints":{"allow":["GET"]}}],"collection":[{"href":"https:\/\/glory48.de\/en\/wp-json\/wp\/v2\/product"}],"about":[{"href":"https:\/\/glory48.de\/en\/wp-json\/wp\/v2\/types\/product"}],"wp:featuredmedia":[{"embeddable":true,"href":"https:\/\/glory48.de\/en\/wp-json\/wp\/v2\/media\/2790"}],"wp:attachment":[{"href":"https:\/\/glory48.de\/en\/wp-json\/wp\/v2\/media?parent=633"}],"wp:term":[{"taxonomy":"product_brand","embeddable":true,"href":"https:\/\/glory48.de\/en\/wp-json\/wp\/v2\/product_brand?post=633"},{"taxonomy":"product_cat","embeddable":true,"href":"https:\/\/glory48.de\/en\/wp-json\/wp\/v2\/product_cat?post=633"},{"taxonomy":"product_tag","embeddable":true,"href":"https:\/\/glory48.de\/en\/wp-json\/wp\/v2\/product_tag?post=633"}],"curies":[{"name":"wp","href":"https:\/\/api.w.org\/{rel}","templated":true}]}}