{"id":6103,"date":"2025-09-18T16:36:00","date_gmt":"2025-09-18T14:36:00","guid":{"rendered":"https:\/\/glory48.de\/?post_type=product&#038;p=6103"},"modified":"2025-10-19T11:54:44","modified_gmt":"2025-10-19T09:54:44","slug":"bbshorts_mint","status":"publish","type":"product","link":"https:\/\/glory48.de\/en\/shop\/shorts\/bbshorts_mint\/","title":{"rendered":"Basketball Shorts"},"content":{"rendered":"","protected":false},"excerpt":{"rendered":"<p><span style=\"font-size: 70%;\">In accordance with \u00a7\u202f19 of the German VAT Act (UStG), no VAT (Value Added Tax) is charged.<\/span><\/p>\n\t<div id=\"accordion-3972847195\" class=\"accordion-item\">\n\t\t<a id=\"accordion-3972847195-label\" class=\"accordion-title plain\" href=\"#accordion-item-produktbeschreibung\" aria-expanded=\"false\" aria-controls=\"accordion-3972847195-content\" >\n\t\t\t<button class=\"toggle\" aria-label=\"Toggle\"><i class=\"icon-angle-down\"><\/i><\/button>\n\t\t\t<span>Product description<\/span>\n\t\t<\/a>\n\t\t<div id=\"accordion-3972847195-content\" class=\"accordion-inner\" aria-labelledby=\"accordion-3972847195-label\" >\n\t\t\tLocker geschnittene Basketball Shorts aus schnelltrocknendem u. atmungsaktiven Polyester mit Einschubtaschen. Elastischer Bund mit frontal aufgesetztem Label. Design\/Aufdruck auf rechtem Hosenbein.<br \/>\n\t\t<\/div>\n\t<\/div>\n\t\n\t<div id=\"accordion-3942275707\" class=\"accordion-item\">\n\t\t<a id=\"accordion-3942275707-label\" class=\"accordion-title plain\" href=\"#accordion-item-pflegehinweise\" aria-expanded=\"false\" aria-controls=\"accordion-3942275707-content\" >\n\t\t\t<button class=\"toggle\" aria-label=\"Toggle\"><i class=\"icon-angle-down\"><\/i><\/button>\n\t\t\t<span>Care instructions<\/span>\n\t\t<\/a>\n\t\t<div id=\"accordion-3942275707-content\" class=\"accordion-inner\" aria-labelledby=\"accordion-3942275707-label\" >\n\t\t\t100% Polyester. Waschbar mit Maschine bei 30 Grad. Nicht b\u00fcgeln. Mit \u00e4hnlichen Farben waschen. Nicht f\u00fcr Trockner geeignet.<br \/>\n\t\t<\/div>\n\t<\/div>\n\t\n\t<div id=\"accordion-789918014\" class=\"accordion-item\">\n\t\t<a id=\"accordion-789918014-label\" class=\"accordion-title plain\" href=\"#accordion-item-versand-und-retour\" aria-expanded=\"false\" aria-controls=\"accordion-789918014-content\" >\n\t\t\t<button class=\"toggle\" aria-label=\"Toggle\"><i class=\"icon-angle-down\"><\/i><\/button>\n\t\t\t<span>Shipping and returns<\/span>\n\t\t<\/a>\n\t\t<div id=\"accordion-789918014-content\" class=\"accordion-inner\" aria-labelledby=\"accordion-789918014-label\" >\n\t\t\t\n<ul>\n<li><span style=\"font-size: 90%;\">Versand nur innerhalb Deutschland.<\/span><\/li>\n<li><span style=\"font-size: 90%;\">Die Lieferzeit betr\u00e4gt max. 5 Werktage. <\/span><\/li>\n<li><span style=\"font-size: 90%;\">Versandkosten 5 EUR.<\/span><\/li>\n<li>Ab einem Warenwert von 48 EUR versandkostenfrei.<\/li>\n<li>The buyer is responsible for the cost of return shipping.<\/li>\n<\/ul>\n<h3><strong style=\"font-size: 90%;\"><a href=\"\/en\/versand\/\">Weitere Infos zum Versand.<\/a><\/strong><br \/>\n\t\t<\/div>\n\t<\/div>\n\t<\/h3>\n\t<div id=\"accordion-2204550252\" class=\"accordion-item\">\n\t\t<a id=\"accordion-2204550252-label\" class=\"accordion-title plain\" href=\"#accordion-item-gr\u00f6\u00dfentabelle-|-hinweise\" aria-expanded=\"false\" aria-controls=\"accordion-2204550252-content\" >\n\t\t\t<button class=\"toggle\" aria-label=\"Toggle\"><i class=\"icon-angle-down\"><\/i><\/button>\n\t\t\t<span>Gr\u00f6\u00dfentabelle | Hinweise<\/span>\n\t\t<\/a>\n\t\t<div id=\"accordion-2204550252-content\" class=\"accordion-inner\" aria-labelledby=\"accordion-2204550252-label\" >\n\t\t\tDie Shorts sind leider bereits ausverkauft. Ein Restock ist geplant &#8211; ggf. auch in anderen Farben. Die Gr\u00f6\u00dfentabelle wird dann erg\u00e4nzt.<\/p>\n\t\t<\/div>\n\t<\/div>\n\t\n<p>&nbsp;<\/p>","protected":false},"featured_media":6108,"template":"","meta":[],"product_brand":[],"product_cat":[188],"product_tag":[161,177,176,182],"class_list":{"0":"post-6103","1":"product","2":"type-product","3":"status-publish","4":"has-post-thumbnail","6":"product_cat-shorts","7":"product_tag-fortyeight","8":"product_tag-fortyeight-berlin","9":"product_tag-fortyeight-clothing","10":"product_tag-glory48-de","12":"first","13":"outofstock","14":"shipping-taxable","15":"purchasable","16":"product-type-variable"},"jetpack_sharing_enabled":true,"_links":{"self":[{"href":"https:\/\/glory48.de\/en\/wp-json\/wp\/v2\/product\/6103","targetHints":{"allow":["GET"]}}],"collection":[{"href":"https:\/\/glory48.de\/en\/wp-json\/wp\/v2\/product"}],"about":[{"href":"https:\/\/glory48.de\/en\/wp-json\/wp\/v2\/types\/product"}],"wp:featuredmedia":[{"embeddable":true,"href":"https:\/\/glory48.de\/en\/wp-json\/wp\/v2\/media\/6108"}],"wp:attachment":[{"href":"https:\/\/glory48.de\/en\/wp-json\/wp\/v2\/media?parent=6103"}],"wp:term":[{"taxonomy":"product_brand","embeddable":true,"href":"https:\/\/glory48.de\/en\/wp-json\/wp\/v2\/product_brand?post=6103"},{"taxonomy":"product_cat","embeddable":true,"href":"https:\/\/glory48.de\/en\/wp-json\/wp\/v2\/product_cat?post=6103"},{"taxonomy":"product_tag","embeddable":true,"href":"https:\/\/glory48.de\/en\/wp-json\/wp\/v2\/product_tag?post=6103"}],"curies":[{"name":"wp","href":"https:\/\/api.w.org\/{rel}","templated":true}]}}