{"id":6055,"date":"2025-09-10T14:27:48","date_gmt":"2025-09-10T12:27:48","guid":{"rendered":"https:\/\/glory48.de\/?post_type=product&#038;p=6055"},"modified":"2026-01-28T06:20:51","modified_gmt":"2026-01-28T05:20:51","slug":"tennissocken-toy","status":"publish","type":"product","link":"https:\/\/glory48.de\/en\/shop\/accessoires\/tennissocken-toy\/","title":{"rendered":"Socks &#8220;TOY TOY TOY&#8221;"},"content":{"rendered":"","protected":false},"excerpt":{"rendered":"<p><span style=\"font-size: 70%;\">Alle Preise ohne Mehrwertsteuerausweis gem\u00e4\u00df \u00a719 (1) UStG<\/span><\/p>\n<p><strong>Unsere stilsicheren Tennissocken (unisex) aus einem Mix aus Baumwolle und recyceltem Polyester bieten ein angenehmes und atmungsaktives Tragegef\u00fchl beim Sport und im Alltag. <\/strong><\/p>\n\t<div id=\"accordion-1713347082\" class=\"accordion-item\">\n\t\t<a id=\"accordion-1713347082-label\" class=\"accordion-title plain\" href=\"#accordion-item-produktbeschreibung\" aria-expanded=\"false\" aria-controls=\"accordion-1713347082-content\" >\n\t\t\t<button class=\"toggle\" aria-label=\"Toggle\"><i class=\"icon-angle-down\"><\/i><\/button>\n\t\t\t<span>Product description<\/span>\n\t\t<\/a>\n\t\t<div id=\"accordion-1713347082-content\" class=\"accordion-inner\" aria-labelledby=\"accordion-1713347082-label\" >\n\t\t\t\nBaumwolle im Fu\u00dfbereich schafft ein angenehmes und atmungsaktives Tragegef\u00fchl. Der gerippte Schaft sorgt f\u00fcr sicheren Halt und die flexible Passform, w\u00e4hrend Elasthan und Polyamid f\u00fcr zus\u00e4tzliche Elastizit\u00e4t und Langlebigkeit sorgen.<br \/>\n\t\t<\/div>\n\t<\/div>\n\t\n\t<div id=\"accordion-3452557704\" class=\"accordion-item\">\n\t\t<a id=\"accordion-3452557704-label\" class=\"accordion-title plain\" href=\"#accordion-item-pflegehinweise\" aria-expanded=\"false\" aria-controls=\"accordion-3452557704-content\" >\n\t\t\t<button class=\"toggle\" aria-label=\"Toggle\"><i class=\"icon-angle-down\"><\/i><\/button>\n\t\t\t<span>Care instructions<\/span>\n\t\t<\/a>\n\t\t<div id=\"accordion-3452557704-content\" class=\"accordion-inner\" aria-labelledby=\"accordion-3452557704-label\" >\n\t\t\t\n<p>55% Baumwolle \/ 35% Polyester \/ 7% Polyamid \/ 3% Elasthan.<\/p>\n<p>Fu\u00dfbereich: Baumwolle<br \/>\nGerippter Schaft: Recycelter Polyester, Polyamid, Elasthan<\/p>\n<table class=\"table table-sm table-striped table-bordered-outline\">\n<tbody>\n<tr>\n<td class=\"h6\"><\/td>\n<td class=\"attr-characteristic\"><\/td>\n<\/tr>\n<tr>\n<td class=\"h6\">Waschtemperatur:<\/td>\n<td class=\"attr-characteristic\"><picture><source srcset=\"https:\/\/tictex.com\/media\/image\/characteristicvalue\/109\/xs\/30c.webp 40w, https:\/\/tictex.com\/media\/image\/characteristicvalue\/109\/sm\/30c.webp 50w, https:\/\/tictex.com\/media\/image\/characteristicvalue\/109\/md\/30c.webp 50w, https:\/\/tictex.com\/media\/image\/characteristicvalue\/109\/lg\/30c.webp 50w\" type=\"image\/webp\" sizes=\"40px\" \/><img loading=\"lazy\" decoding=\"async\" class=\"img-aspect-ratio img-fluid\" src=\"https:\/\/tictex.com\/media\/image\/characteristicvalue\/109\/xs\/30c.png\" sizes=\"auto, 40px\" srcset=\"https:\/\/tictex.com\/media\/image\/characteristicvalue\/109\/xs\/30c.png 40w, https:\/\/tictex.com\/media\/image\/characteristicvalue\/109\/sm\/30c.png 50w, https:\/\/tictex.com\/media\/image\/characteristicvalue\/109\/md\/30c.png 50w, https:\/\/tictex.com\/media\/image\/characteristicvalue\/109\/lg\/30c.png 50w\" alt=\"30\u00b0C\" width=\"40\" height=\"40\" \/><\/picture><\/td>\n<\/tr>\n<tr>\n<td class=\"h6\">Trocknergeeignet:<\/td>\n<td class=\"attr-characteristic\"><picture><source srcset=\"https:\/\/tictex.com\/media\/image\/characteristicvalue\/125\/xs\/nein.webp 40w, https:\/\/tictex.com\/media\/image\/characteristicvalue\/125\/sm\/nein.webp 52w, https:\/\/tictex.com\/media\/image\/characteristicvalue\/125\/md\/nein.webp 52w, https:\/\/tictex.com\/media\/image\/characteristicvalue\/125\/lg\/nein.webp 52w\" type=\"image\/webp\" sizes=\"40px\" \/><img loading=\"lazy\" decoding=\"async\" class=\"img-aspect-ratio img-fluid\" src=\"https:\/\/tictex.com\/media\/image\/characteristicvalue\/125\/xs\/nein.png\" sizes=\"auto, 40px\" srcset=\"https:\/\/tictex.com\/media\/image\/characteristicvalue\/125\/xs\/nein.png 40w, https:\/\/tictex.com\/media\/image\/characteristicvalue\/125\/sm\/nein.png 52w, https:\/\/tictex.com\/media\/image\/characteristicvalue\/125\/md\/nein.png 52w, https:\/\/tictex.com\/media\/image\/characteristicvalue\/125\/lg\/nein.png 52w\" alt=\"Nein\" width=\"40\" height=\"40\" \/><\/picture><\/td>\n<\/tr>\n<tr>\n<td class=\"h6\">B\u00fcgeln:<\/td>\n<td class=\"attr-characteristic\"><picture><source srcset=\"https:\/\/tictex.com\/media\/image\/characteristicvalue\/122\/xs\/nicht-buegeln.webp 40w, https:\/\/tictex.com\/media\/image\/characteristicvalue\/122\/sm\/nicht-buegeln.webp 50w, https:\/\/tictex.com\/media\/image\/characteristicvalue\/122\/md\/nicht-buegeln.webp 50w, https:\/\/tictex.com\/media\/image\/characteristicvalue\/122\/lg\/nicht-buegeln.webp 50w\" type=\"image\/webp\" sizes=\"40px\" \/><img loading=\"lazy\" decoding=\"async\" class=\"img-aspect-ratio img-fluid\" src=\"https:\/\/tictex.com\/media\/image\/characteristicvalue\/122\/xs\/nicht-buegeln.png\" sizes=\"auto, 40px\" srcset=\"https:\/\/tictex.com\/media\/image\/characteristicvalue\/122\/xs\/nicht-buegeln.png 40w, https:\/\/tictex.com\/media\/image\/characteristicvalue\/122\/sm\/nicht-buegeln.png 50w, https:\/\/tictex.com\/media\/image\/characteristicvalue\/122\/md\/nicht-buegeln.png 50w, https:\/\/tictex.com\/media\/image\/characteristicvalue\/122\/lg\/nicht-buegeln.png 50w\" alt=\"Nicht B\u00fcgeln\" width=\"40\" height=\"40\" \/><\/picture><\/td>\n<\/tr>\n<tr>\n<td class=\"h6\">Bleichen:<\/td>\n<td class=\"attr-characteristic\"><picture><source srcset=\"https:\/\/tictex.com\/media\/image\/characteristicvalue\/118\/xs\/nicht-bleichen.webp 40w, https:\/\/tictex.com\/media\/image\/characteristicvalue\/118\/sm\/nicht-bleichen.webp 49w, https:\/\/tictex.com\/media\/image\/characteristicvalue\/118\/md\/nicht-bleichen.webp 49w, https:\/\/tictex.com\/media\/image\/characteristicvalue\/118\/lg\/nicht-bleichen.webp 49w\" type=\"image\/webp\" sizes=\"40px\" \/><img loading=\"lazy\" decoding=\"async\" class=\"img-aspect-ratio img-fluid\" src=\"https:\/\/tictex.com\/media\/image\/characteristicvalue\/118\/xs\/nicht-bleichen.png\" sizes=\"auto, 40px\" srcset=\"https:\/\/tictex.com\/media\/image\/characteristicvalue\/118\/xs\/nicht-bleichen.png 40w, https:\/\/tictex.com\/media\/image\/characteristicvalue\/118\/sm\/nicht-bleichen.png 49w, https:\/\/tictex.com\/media\/image\/characteristicvalue\/118\/md\/nicht-bleichen.png 49w, https:\/\/tictex.com\/media\/image\/characteristicvalue\/118\/lg\/nicht-bleichen.png 49w\" alt=\"Nicht Bleichen\" width=\"40\" height=\"40\" \/><\/picture><\/td>\n<\/tr>\n<tr>\n<td class=\"h6\">Professionelle Reinigung:<\/td>\n<td class=\"attr-characteristic\"><picture><source srcset=\"https:\/\/tictex.com\/media\/image\/characteristicvalue\/114\/xs\/keine-chem-reinigung.webp 40w, https:\/\/tictex.com\/media\/image\/characteristicvalue\/114\/sm\/keine-chem-reinigung.webp 46w, https:\/\/tictex.com\/media\/image\/characteristicvalue\/114\/md\/keine-chem-reinigung.webp 46w, https:\/\/tictex.com\/media\/image\/characteristicvalue\/114\/lg\/keine-chem-reinigung.webp 46w\" type=\"image\/webp\" sizes=\"40px\" \/><img loading=\"lazy\" decoding=\"async\" class=\"img-aspect-ratio img-fluid\" src=\"https:\/\/tictex.com\/media\/image\/characteristicvalue\/114\/xs\/keine-chem-reinigung.png\" sizes=\"auto, 40px\" srcset=\"https:\/\/tictex.com\/media\/image\/characteristicvalue\/114\/xs\/keine-chem-reinigung.png 40w, https:\/\/tictex.com\/media\/image\/characteristicvalue\/114\/sm\/keine-chem-reinigung.png 46w, https:\/\/tictex.com\/media\/image\/characteristicvalue\/114\/md\/keine-chem-reinigung.png 46w, https:\/\/tictex.com\/media\/image\/characteristicvalue\/114\/lg\/keine-chem-reinigung.png 46w\" alt=\"Keine chem. Reinigung\" width=\"40\" height=\"40\" \/><\/picture><\/td>\n<\/tr>\n<\/tbody>\n<\/table>\n\t\t<\/div>\n\t<\/div>\n\t\n\t<div id=\"accordion-288074288\" class=\"accordion-item\">\n\t\t<a id=\"accordion-288074288-label\" class=\"accordion-title plain\" href=\"#accordion-item-versand-und-retour\" aria-expanded=\"false\" aria-controls=\"accordion-288074288-content\" >\n\t\t\t<button class=\"toggle\" aria-label=\"Toggle\"><i class=\"icon-angle-down\"><\/i><\/button>\n\t\t\t<span>Shipping and returns<\/span>\n\t\t<\/a>\n\t\t<div id=\"accordion-288074288-content\" class=\"accordion-inner\" aria-labelledby=\"accordion-288074288-label\" >\n\t\t\t\n<ul>\n<li><span style=\"font-size: 90%;\">Versand nur innerhalb Deutschland.<\/span><\/li>\n<li><span style=\"font-size: 90%;\">Die Lieferzeit betr\u00e4gt max. 5 Werktage. <\/span><\/li>\n<li><span style=\"font-size: 90%;\">Versandkosten 5 EUR.<\/span><\/li>\n<li>Ab einem Warenwert von 48 EUR versandkostenfrei.<\/li>\n<li>The buyer is responsible for the cost of return shipping.<\/li>\n<\/ul>\n<h3><strong style=\"font-size: 90%;\"><a href=\"\/en\/versand\/\">Weitere Infos zum Versand.<\/a><\/strong><br \/>\n\t\t<\/div>\n\t<\/div>\n\t<\/h3>\n\t<div id=\"accordion-964939925\" class=\"accordion-item\">\n\t\t<a id=\"accordion-964939925-label\" class=\"accordion-title plain\" href=\"#accordion-item-gr\u00f6\u00dfentabelle\" aria-expanded=\"false\" aria-controls=\"accordion-964939925-content\" >\n\t\t\t<button class=\"toggle\" aria-label=\"Toggle\"><i class=\"icon-angle-down\"><\/i><\/button>\n\t\t\t<span>Size chart<\/span>\n\t\t<\/a>\n\t\t<div id=\"accordion-964939925-content\" class=\"accordion-inner\" aria-labelledby=\"accordion-964939925-label\" >\n\t\t\t\n<p>Erh\u00e4ltlich in zwei Universalgr\u00f6\u00dfen <strong>37-41<\/strong> and <strong>42-46<\/strong><\/p>\n\t\t<\/div>\n\t<\/div>\n\t\n<p>&nbsp;<\/p>","protected":false},"featured_media":6050,"template":"","meta":[],"product_brand":[198],"product_cat":[70,202],"product_tag":[203,204,161,177,176,182],"class_list":{"0":"post-6055","1":"product","2":"type-product","3":"status-publish","4":"has-post-thumbnail","6":"product_brand-fortyeight","7":"product_cat-accessoires","8":"product_cat-footwear-socks","9":"product_tag-demonstrate-your-style","10":"product_tag-dys","11":"product_tag-fortyeight","12":"product_tag-fortyeight-berlin","13":"product_tag-fortyeight-clothing","14":"product_tag-glory48-de","16":"first","17":"instock","18":"shipping-taxable","19":"purchasable","20":"product-type-variable"},"jetpack_sharing_enabled":true,"_links":{"self":[{"href":"https:\/\/glory48.de\/en\/wp-json\/wp\/v2\/product\/6055","targetHints":{"allow":["GET"]}}],"collection":[{"href":"https:\/\/glory48.de\/en\/wp-json\/wp\/v2\/product"}],"about":[{"href":"https:\/\/glory48.de\/en\/wp-json\/wp\/v2\/types\/product"}],"wp:featuredmedia":[{"embeddable":true,"href":"https:\/\/glory48.de\/en\/wp-json\/wp\/v2\/media\/6050"}],"wp:attachment":[{"href":"https:\/\/glory48.de\/en\/wp-json\/wp\/v2\/media?parent=6055"}],"wp:term":[{"taxonomy":"product_brand","embeddable":true,"href":"https:\/\/glory48.de\/en\/wp-json\/wp\/v2\/product_brand?post=6055"},{"taxonomy":"product_cat","embeddable":true,"href":"https:\/\/glory48.de\/en\/wp-json\/wp\/v2\/product_cat?post=6055"},{"taxonomy":"product_tag","embeddable":true,"href":"https:\/\/glory48.de\/en\/wp-json\/wp\/v2\/product_tag?post=6055"}],"curies":[{"name":"wp","href":"https:\/\/api.w.org\/{rel}","templated":true}]}}