{"id":5964,"date":"2025-07-29T14:19:20","date_gmt":"2025-07-29T12:19:20","guid":{"rendered":"https:\/\/glory48.de\/?post_type=product&#038;p=5964"},"modified":"2026-02-18T13:46:14","modified_gmt":"2026-02-18T12:46:14","slug":"crewlove","status":"publish","type":"product","link":"https:\/\/glory48.de\/en\/shop\/t-shirts-2\/crewlove\/","title":{"rendered":"Heavyweight Oversize T-Shirt &#8220;\u2764 MY CREW&#8221;"},"content":{"rendered":"","protected":false},"excerpt":{"rendered":"<p><span style=\"font-size: 70%;\">In accordance with \u00a7\u202f19 of the German VAT Act (UStG), no VAT (Value Added Tax) is charged.<\/span><\/p>\n\t<div id=\"accordion-536902855\" class=\"accordion-item\">\n\t\t<a id=\"accordion-536902855-label\" class=\"accordion-title plain\" href=\"#accordion-item-produktbeschreibung\" aria-expanded=\"false\" aria-controls=\"accordion-536902855-content\" >\n\t\t\t<button class=\"toggle\" aria-label=\"Toggle\"><i class=\"icon-angle-down\"><\/i><\/button>\n\t\t\t<span>Product description<\/span>\n\t\t<\/a>\n\t\t<div id=\"accordion-536902855-content\" class=\"accordion-inner\" aria-labelledby=\"accordion-536902855-label\" >\n\t\t\t\nHeavy oversized T-shirt with print on the front. Dropped shoulders. Reinforced neckband. Rib knit neckline. Double stitching on the waistband and sleeves. 100% pre-shrunk, ring-spun cotton. Single jersey, 220 g\/m\u00b2.<\/p>\n<p>.\t\t<\/div>\n\t<\/div>\n\t\n\t<div id=\"accordion-2612493026\" class=\"accordion-item\">\n\t\t<a id=\"accordion-2612493026-label\" class=\"accordion-title plain\" href=\"#accordion-item-pflegehinweise\" aria-expanded=\"false\" aria-controls=\"accordion-2612493026-content\" >\n\t\t\t<button class=\"toggle\" aria-label=\"Toggle\"><i class=\"icon-angle-down\"><\/i><\/button>\n\t\t\t<span>Care instructions<\/span>\n\t\t<\/a>\n\t\t<div id=\"accordion-2612493026-content\" class=\"accordion-inner\" aria-labelledby=\"accordion-2612493026-label\" >\n\t\t\t\n100% Baumwolle. Waschbar mit Maschine bei 30 Grad. Nur r\u00fcckseitig b\u00fcgeln. Nicht \u00fcber Aufdruck b\u00fcgeln. Mit \u00e4hnlichen Farben waschen. Nicht f\u00fcr Trockner geeignet.<br \/>\n\t\t<\/div>\n\t<\/div>\n\t\n\t<div id=\"accordion-3510020269\" class=\"accordion-item\">\n\t\t<a id=\"accordion-3510020269-label\" class=\"accordion-title plain\" href=\"#accordion-item-versand-und-retour\" aria-expanded=\"false\" aria-controls=\"accordion-3510020269-content\" >\n\t\t\t<button class=\"toggle\" aria-label=\"Toggle\"><i class=\"icon-angle-down\"><\/i><\/button>\n\t\t\t<span>Shipping and returns<\/span>\n\t\t<\/a>\n\t\t<div id=\"accordion-3510020269-content\" class=\"accordion-inner\" aria-labelledby=\"accordion-3510020269-label\" >\n\t\t\t\n<p><span style=\"font-size: 90%;\">Versand nur innerhalb Deutschland.<\/span><\/p>\n<p><span style=\"font-size: 90%;\">Die Lieferzeit betr\u00e4gt max. 5 Werktage. <\/span><\/p>\n<p><span style=\"font-size: 90%;\">Versandkosten 5 EUR.<\/span><\/p>\n<p>Ab einem Warenwert von 48 EUR versandkostenfrei.<\/p>\n<p>The buyer is responsible for the cost of return shipping.<\/p>\n<h3><strong style=\"font-size: 90%;\"><a href=\"\/en\/versand\/\">Weitere Infos zum Versand.<\/a><\/strong><br \/>\n\t\t<\/div>\n\t<\/div>\n\t<\/h3>\n\t<div id=\"accordion-957643563\" class=\"accordion-item\">\n\t\t<a id=\"accordion-957643563-label\" class=\"accordion-title plain\" href=\"#accordion-item-gr\u00f6\u00dfentabelle\" aria-expanded=\"false\" aria-controls=\"accordion-957643563-content\" >\n\t\t\t<button class=\"toggle\" aria-label=\"Toggle\"><i class=\"icon-angle-down\"><\/i><\/button>\n\t\t\t<span>Size chart<\/span>\n\t\t<\/a>\n\t\t<div id=\"accordion-957643563-content\" class=\"accordion-inner\" aria-labelledby=\"accordion-957643563-label\" >\n\t\t\t\n<p>Click on the table to enlarge. Opens in a new tab.<br \/>\n<a href=\"https:\/\/glory48.de\/wp-content\/uploads\/2025\/07\/Groessentabelle_TSHIRTS.jpg\"><img loading=\"lazy\" decoding=\"async\" class=\"alignnone wp-image-5962 size-medium\" src=\"https:\/\/glory48.de\/wp-content\/uploads\/2025\/07\/Groessentabelle_TSHIRTS-320x400.jpg\" alt=\"\" width=\"320\" height=\"400\" srcset=\"https:\/\/glory48.de\/wp-content\/uploads\/2025\/07\/Groessentabelle_TSHIRTS-320x400.jpg 320w, https:\/\/glory48.de\/wp-content\/uploads\/2025\/07\/Groessentabelle_TSHIRTS-640x800.jpg 640w, https:\/\/glory48.de\/wp-content\/uploads\/2025\/07\/Groessentabelle_TSHIRTS-768x960.jpg 768w, https:\/\/glory48.de\/wp-content\/uploads\/2025\/07\/Groessentabelle_TSHIRTS-247x309.jpg 247w, https:\/\/glory48.de\/wp-content\/uploads\/2025\/07\/Groessentabelle_TSHIRTS-510x638.jpg 510w, https:\/\/glory48.de\/wp-content\/uploads\/2025\/07\/Groessentabelle_TSHIRTS.jpg 1196w\" sizes=\"auto, (max-width: 320px) 100vw, 320px\" \/><\/a><br \/>\n\t\t<\/div>\n\t<\/div>\n\t\n<p>&nbsp;<\/p>","protected":false},"featured_media":5975,"template":"","meta":[],"product_brand":[198],"product_cat":[214,185],"product_tag":[161,177,176,182],"class_list":{"0":"post-5964","1":"product","2":"type-product","3":"status-publish","4":"has-post-thumbnail","6":"product_brand-fortyeight","7":"product_cat-new","8":"product_cat-t-shirts-2","9":"product_tag-fortyeight","10":"product_tag-fortyeight-berlin","11":"product_tag-fortyeight-clothing","12":"product_tag-glory48-de","14":"first","15":"instock","16":"shipping-taxable","17":"purchasable","18":"product-type-variable"},"jetpack_sharing_enabled":true,"_links":{"self":[{"href":"https:\/\/glory48.de\/en\/wp-json\/wp\/v2\/product\/5964","targetHints":{"allow":["GET"]}}],"collection":[{"href":"https:\/\/glory48.de\/en\/wp-json\/wp\/v2\/product"}],"about":[{"href":"https:\/\/glory48.de\/en\/wp-json\/wp\/v2\/types\/product"}],"wp:featuredmedia":[{"embeddable":true,"href":"https:\/\/glory48.de\/en\/wp-json\/wp\/v2\/media\/5975"}],"wp:attachment":[{"href":"https:\/\/glory48.de\/en\/wp-json\/wp\/v2\/media?parent=5964"}],"wp:term":[{"taxonomy":"product_brand","embeddable":true,"href":"https:\/\/glory48.de\/en\/wp-json\/wp\/v2\/product_brand?post=5964"},{"taxonomy":"product_cat","embeddable":true,"href":"https:\/\/glory48.de\/en\/wp-json\/wp\/v2\/product_cat?post=5964"},{"taxonomy":"product_tag","embeddable":true,"href":"https:\/\/glory48.de\/en\/wp-json\/wp\/v2\/product_tag?post=5964"}],"curies":[{"name":"wp","href":"https:\/\/api.w.org\/{rel}","templated":true}]}}