{"id":5473,"date":"2025-05-23T10:56:36","date_gmt":"2025-05-23T08:56:36","guid":{"rendered":"https:\/\/glory48.de\/?post_type=product&#038;p=5473"},"modified":"2025-07-28T20:56:23","modified_gmt":"2025-07-28T18:56:23","slug":"48-2","status":"publish","type":"product","link":"https:\/\/glory48.de\/en\/shop\/shorts\/48-2\/","title":{"rendered":"Shorts &#8220;48&#8221;"},"content":{"rendered":"","protected":false},"excerpt":{"rendered":"<p><span style=\"font-size: 70%;\">In accordance with \u00a7\u202f19 of the German VAT Act (UStG), no VAT (Value Added Tax) is charged.<\/span><\/p>\n\t<div id=\"accordion-1923275013\" class=\"accordion-item\">\n\t\t<a id=\"accordion-1923275013-label\" class=\"accordion-title plain\" href=\"#accordion-item-produktbeschreibung\" aria-expanded=\"false\" aria-controls=\"accordion-1923275013-content\" >\n\t\t\t<button class=\"toggle\" aria-label=\"Toggle\"><i class=\"icon-angle-down\"><\/i><\/button>\n\t\t\t<span>Product description<\/span>\n\t\t<\/a>\n\t\t<div id=\"accordion-1923275013-content\" class=\"accordion-inner\" aria-labelledby=\"accordion-1923275013-label\" >\n\t\t\t\nShorts aus schnelltrocknendem Polyester mit Seitentaschen und Ges\u00e4\u00dftasche mit Rei\u00dfverschluss, Kordel, Gummibund an Taille und Innen-Meshfutter. Design\/Aufdruck auf den Seitentaschen. 3D-Logo-Patches auf linkem Hosenbein und Ges\u00e4\u00dftasche.<br \/>\n\t\t<\/div>\n\t<\/div>\n\t\n\t<div id=\"accordion-3911727509\" class=\"accordion-item\">\n\t\t<a id=\"accordion-3911727509-label\" class=\"accordion-title plain\" href=\"#accordion-item-pflegehinweise\" aria-expanded=\"false\" aria-controls=\"accordion-3911727509-content\" >\n\t\t\t<button class=\"toggle\" aria-label=\"Toggle\"><i class=\"icon-angle-down\"><\/i><\/button>\n\t\t\t<span>Care instructions<\/span>\n\t\t<\/a>\n\t\t<div id=\"accordion-3911727509-content\" class=\"accordion-inner\" aria-labelledby=\"accordion-3911727509-label\" >\n\t\t\t\n100% robustes Polyester. Waschbar mit Maschine bei 30 Grad. Nicht b\u00fcgeln. Mit \u00e4hnlichen Farben waschen. Nicht f\u00fcr Trockner geeignet.<br \/>\n\t\t<\/div>\n\t<\/div>\n\t\n\t<div id=\"accordion-2777634280\" class=\"accordion-item\">\n\t\t<a id=\"accordion-2777634280-label\" class=\"accordion-title plain\" href=\"#accordion-item-versand-und-retour\" aria-expanded=\"false\" aria-controls=\"accordion-2777634280-content\" >\n\t\t\t<button class=\"toggle\" aria-label=\"Toggle\"><i class=\"icon-angle-down\"><\/i><\/button>\n\t\t\t<span>Shipping and returns<\/span>\n\t\t<\/a>\n\t\t<div id=\"accordion-2777634280-content\" class=\"accordion-inner\" aria-labelledby=\"accordion-2777634280-label\" >\n\t\t\t\n<ul>\n<li><span style=\"font-size: 90%;\">Versand nur innerhalb Deutschland.<\/span><\/li>\n<li><span style=\"font-size: 90%;\">Die Lieferzeit betr\u00e4gt max. 5 Werktage. <\/span><\/li>\n<li><span style=\"font-size: 90%;\">Versandkosten 5 EUR.<\/span><\/li>\n<li>Ab einem Warenwert von 48 EUR versandkostenfrei.<\/li>\n<li>The buyer is responsible for the cost of return shipping.<\/li>\n<\/ul>\n<h3><strong style=\"font-size: 90%;\"><a href=\"\/en\/versand\/\">Weitere Infos zum Versand.<\/a><\/strong><br \/>\n\t\t<\/div>\n\t<\/div>\n\t<\/h3>\n\t<div id=\"accordion-2086223273\" class=\"accordion-item\">\n\t\t<a id=\"accordion-2086223273-label\" class=\"accordion-title plain\" href=\"#accordion-item-gr\u00f6\u00dfentabelle\" aria-expanded=\"false\" aria-controls=\"accordion-2086223273-content\" >\n\t\t\t<button class=\"toggle\" aria-label=\"Toggle\"><i class=\"icon-angle-down\"><\/i><\/button>\n\t\t\t<span>Size chart<\/span>\n\t\t<\/a>\n\t\t<div id=\"accordion-2086223273-content\" class=\"accordion-inner\" aria-labelledby=\"accordion-2086223273-label\" >\n\t\t\t\u00a0 &#8230; Gr\u00f6\u00dfentabelle wird noch zur Verf\u00fcgung gestellt.<\/p>\n\t\t<\/div>\n\t<\/div>\n\t\n<p>&nbsp;<\/p>","protected":false},"featured_media":5492,"template":"","meta":[],"product_brand":[],"product_cat":[188],"product_tag":[161,177,176,182],"class_list":{"0":"post-5473","1":"product","2":"type-product","3":"status-publish","4":"has-post-thumbnail","6":"product_cat-shorts","7":"product_tag-fortyeight","8":"product_tag-fortyeight-berlin","9":"product_tag-fortyeight-clothing","10":"product_tag-glory48-de","12":"first","13":"instock","14":"shipping-taxable","15":"purchasable","16":"product-type-variable"},"jetpack_sharing_enabled":true,"_links":{"self":[{"href":"https:\/\/glory48.de\/en\/wp-json\/wp\/v2\/product\/5473","targetHints":{"allow":["GET"]}}],"collection":[{"href":"https:\/\/glory48.de\/en\/wp-json\/wp\/v2\/product"}],"about":[{"href":"https:\/\/glory48.de\/en\/wp-json\/wp\/v2\/types\/product"}],"wp:featuredmedia":[{"embeddable":true,"href":"https:\/\/glory48.de\/en\/wp-json\/wp\/v2\/media\/5492"}],"wp:attachment":[{"href":"https:\/\/glory48.de\/en\/wp-json\/wp\/v2\/media?parent=5473"}],"wp:term":[{"taxonomy":"product_brand","embeddable":true,"href":"https:\/\/glory48.de\/en\/wp-json\/wp\/v2\/product_brand?post=5473"},{"taxonomy":"product_cat","embeddable":true,"href":"https:\/\/glory48.de\/en\/wp-json\/wp\/v2\/product_cat?post=5473"},{"taxonomy":"product_tag","embeddable":true,"href":"https:\/\/glory48.de\/en\/wp-json\/wp\/v2\/product_tag?post=5473"}],"curies":[{"name":"wp","href":"https:\/\/api.w.org\/{rel}","templated":true}]}}