{"id":5448,"date":"2025-05-22T18:39:15","date_gmt":"2025-05-22T16:39:15","guid":{"rendered":"https:\/\/glory48.de\/?post_type=product&#038;p=5448"},"modified":"2026-02-18T13:37:27","modified_gmt":"2026-02-18T12:37:27","slug":"nightrunner","status":"publish","type":"product","link":"https:\/\/glory48.de\/en\/shop\/shorts\/nightrunner\/","title":{"rendered":"Jogger &#8220;NIGHTRUNNER&#8221;"},"content":{"rendered":"","protected":false},"excerpt":{"rendered":"<p><span style=\"font-size: 70%;\">In accordance with \u00a7\u202f19 of the German VAT Act (UStG), no VAT (Value Added Tax) is charged.<\/span><\/p>\n\t<div id=\"accordion-663533762\" class=\"accordion-item\">\n\t\t<a id=\"accordion-663533762-label\" class=\"accordion-title plain\" href=\"#accordion-item-produktbeschreibung\" aria-expanded=\"false\" aria-controls=\"accordion-663533762-content\" >\n\t\t\t<button class=\"toggle\" aria-label=\"Toggle\"><i class=\"icon-angle-down\"><\/i><\/button>\n\t\t\t<span>Product description<\/span>\n\t\t<\/a>\n\t\t<div id=\"accordion-663533762-content\" class=\"accordion-inner\" aria-labelledby=\"accordion-663533762-label\" >\n\t\t\t\nJogginghose aus Polyester mit Seitentaschen, Kordel, Gummibund an Taille und Beinen und elastischer Fu\u00dfschlaufe. An beiden Beinen seitlich eingen\u00e4hte Kontraststreifen und Aufdruck.<br \/>\n\t\t<\/div>\n\t<\/div>\n\t\n\t<div id=\"accordion-1659370431\" class=\"accordion-item\">\n\t\t<a id=\"accordion-1659370431-label\" class=\"accordion-title plain\" href=\"#accordion-item-pflegehinweise\" aria-expanded=\"false\" aria-controls=\"accordion-1659370431-content\" >\n\t\t\t<button class=\"toggle\" aria-label=\"Toggle\"><i class=\"icon-angle-down\"><\/i><\/button>\n\t\t\t<span>Care instructions<\/span>\n\t\t<\/a>\n\t\t<div id=\"accordion-1659370431-content\" class=\"accordion-inner\" aria-labelledby=\"accordion-1659370431-label\" >\n\t\t\t\nMaterial: 100% polyester. Machine washable at 30 degrees. Do not iron. Wash with similar colors. Not suitable for tumble drying.<br \/>\n\t\t<\/div>\n\t<\/div>\n\t\n\t<div id=\"accordion-1606923405\" class=\"accordion-item\">\n\t\t<a id=\"accordion-1606923405-label\" class=\"accordion-title plain\" href=\"#accordion-item-versand-und-retour\" aria-expanded=\"false\" aria-controls=\"accordion-1606923405-content\" >\n\t\t\t<button class=\"toggle\" aria-label=\"Toggle\"><i class=\"icon-angle-down\"><\/i><\/button>\n\t\t\t<span>Shipping and returns<\/span>\n\t\t<\/a>\n\t\t<div id=\"accordion-1606923405-content\" class=\"accordion-inner\" aria-labelledby=\"accordion-1606923405-label\" >\n\t\t\t\n<ul>\n<li><span style=\"font-size: 90%;\">Versand nur innerhalb Deutschland.<\/span><\/li>\n<li><span style=\"font-size: 90%;\">Die Lieferzeit betr\u00e4gt max. 5 Werktage. <\/span><\/li>\n<li><span style=\"font-size: 90%;\">Versandkosten 5 EUR.<\/span><\/li>\n<li>Ab einem Warenwert von 48 EUR versandkostenfrei.<\/li>\n<li>The buyer is responsible for the cost of return shipping.<\/li>\n<\/ul>\n<h3><strong style=\"font-size: 90%;\"><a href=\"\/en\/versand\/\">Weitere Infos zum Versand.<\/a><\/strong><br \/>\n\t\t<\/div>\n\t<\/div>\n\t<\/h3>\n\t<div id=\"accordion-1013793860\" class=\"accordion-item\">\n\t\t<a id=\"accordion-1013793860-label\" class=\"accordion-title plain\" href=\"#accordion-item-gr\u00f6\u00dfentabelle\" aria-expanded=\"false\" aria-controls=\"accordion-1013793860-content\" >\n\t\t\t<button class=\"toggle\" aria-label=\"Toggle\"><i class=\"icon-angle-down\"><\/i><\/button>\n\t\t\t<span>Size chart<\/span>\n\t\t<\/a>\n\t\t<div id=\"accordion-1013793860-content\" class=\"accordion-inner\" aria-labelledby=\"accordion-1013793860-label\" >\n\t\t\t\n<p>Das Model 178cm tr\u00e4gt Gr\u00f6\u00dfe M.<\/p>\n<table class=\"_3E_TEmAe\" style=\"height: 160px;\" width=\"248\" cellspacing=\"0\" cellpadding=\"0\">\n<tbody>\n<tr class=\"_2r1YwfZY\">\n<th class=\"F4MkHSAq _25-6PcJP\"><\/th>\n<th class=\"F4MkHSAq\"><\/th>\n<th class=\"F4MkHSAq\"><\/th>\n<th class=\"F4MkHSAq\"><\/th>\n<th class=\"F4MkHSAq\"><\/th>\n<\/tr>\n<tr class=\"_3apTjT9q\">\n<th class=\"F4MkHSAq WZsoY8He _25-6PcJP\" style=\"text-align: left;\" data-row=\"0\" data-col=\"0\"><\/th>\n<td class=\"F4MkHSAq WZsoY8He\" data-row=\"0\" data-col=\"1\"><strong><span style=\"color: #555555; text-align: center;\">EU<\/span><\/strong><\/td>\n<td class=\"F4MkHSAq WZsoY8He\" style=\"text-align: left;\" data-row=\"0\" data-col=\"2\">\n<p style=\"font-weight: bold;\"><strong>Taillen-<\/strong><\/p>\n<p style=\"font-weight: bold;\"><strong>umfang<\/strong><\/p>\n<\/td>\n<td class=\"F4MkHSAq WZsoY8He\" style=\"text-align: left;\" data-row=\"0\" data-col=\"3\">\n<p style=\"font-weight: bold;\"><strong>H\u00fcft-<\/strong><\/p>\n<p style=\"font-weight: bold;\"><strong>umfang<\/strong><\/p>\n<\/td>\n<td class=\"F4MkHSAq WZsoY8He _3fDZUDFj\" style=\"text-align: left;\" data-row=\"0\" data-col=\"4\">\n<p style=\"font-weight: bold;\"><strong>K\u00f6rper-<\/strong><\/p>\n<p style=\"font-weight: bold;\"><strong>gr\u00f6\u00dfe<\/strong><\/p>\n<\/td>\n<\/tr>\n<tr class=\"_3apTjT9q\">\n<th class=\"F4MkHSAq WZsoY8He _25-6PcJP\" data-row=\"1\" data-col=\"0\">S<\/th>\n<td class=\"F4MkHSAq WZsoY8He\" style=\"text-align: left;\" data-row=\"1\" data-col=\"1\">46<\/td>\n<td class=\"F4MkHSAq WZsoY8He\" style=\"text-align: left;\" data-row=\"1\" data-col=\"2\">78-82<\/td>\n<td class=\"F4MkHSAq WZsoY8He\" data-row=\"1\" data-col=\"3\">94-98<\/td>\n<td class=\"F4MkHSAq WZsoY8He _3fDZUDFj\" data-row=\"1\" data-col=\"4\">170-175<\/td>\n<\/tr>\n<tr class=\"_3apTjT9q _1xctOThQ\">\n<th class=\"F4MkHSAq WZsoY8He _25-6PcJP\" data-row=\"2\" data-col=\"0\">M<\/th>\n<td class=\"F4MkHSAq WZsoY8He\" data-row=\"2\" data-col=\"1\">48<\/td>\n<td class=\"F4MkHSAq WZsoY8He\" data-row=\"2\" data-col=\"2\">82-86<\/td>\n<td class=\"F4MkHSAq WZsoY8He\" data-row=\"2\" data-col=\"3\">98-102<\/td>\n<td class=\"F4MkHSAq WZsoY8He _3fDZUDFj\" data-row=\"2\" data-col=\"4\">175-180<\/td>\n<\/tr>\n<tr class=\"_3apTjT9q\">\n<th class=\"F4MkHSAq WZsoY8He _25-6PcJP\" data-row=\"3\" data-col=\"0\">L<\/th>\n<td class=\"F4MkHSAq WZsoY8He\" data-row=\"3\" data-col=\"1\">50<\/td>\n<td class=\"F4MkHSAq WZsoY8He\" data-row=\"3\" data-col=\"2\">86-91<\/td>\n<td class=\"F4MkHSAq WZsoY8He\" data-row=\"3\" data-col=\"3\">102-107<\/td>\n<td class=\"F4MkHSAq WZsoY8He _3fDZUDFj\" data-row=\"3\" data-col=\"4\">180-185<\/td>\n<\/tr>\n<tr class=\"_3apTjT9q\">\n<th class=\"F4MkHSAq WZsoY8He _25-6PcJP\" style=\"text-align: left;\" data-row=\"4\" data-col=\"0\">XL<\/th>\n<td class=\"F4MkHSAq WZsoY8He\" style=\"text-align: left;\" data-row=\"4\" data-col=\"1\">52<\/td>\n<td class=\"F4MkHSAq WZsoY8He\" style=\"text-align: left;\" data-row=\"4\" data-col=\"2\">91-96<\/td>\n<td class=\"F4MkHSAq WZsoY8He\" style=\"text-align: left;\" data-row=\"4\" data-col=\"3\">107-112<\/td>\n<td class=\"F4MkHSAq WZsoY8He _3fDZUDFj\" style=\"text-align: left;\" data-row=\"4\" data-col=\"4\">185-190<\/td>\n<\/tr>\n<tr class=\"_3apTjT9q\">\n<th class=\"F4MkHSAq WZsoY8He _25-6PcJP\" data-row=\"5\" data-col=\"0\">XXL<\/th>\n<td class=\"F4MkHSAq WZsoY8He _3fDZUDFj\" data-row=\"5\" data-col=\"1\">54<\/td>\n<td class=\"F4MkHSAq WZsoY8He _3fDZUDFj\" data-row=\"5\" data-col=\"2\">96-102<\/td>\n<td class=\"F4MkHSAq WZsoY8He _3fDZUDFj\" data-row=\"5\" data-col=\"3\">112-118<\/td>\n<td class=\"F4MkHSAq WZsoY8He _3fDZUDFj _34EMSx9k\" data-row=\"5\" data-col=\"4\">185-190<\/td>\n<\/tr>\n<\/tbody>\n<\/table>\n<p><!--more--><\/p>\n<p><!--more--><\/p>\n\t\t<\/div>\n\t<\/div>\n\t\n<p>&nbsp;<\/p>","protected":false},"featured_media":5460,"template":"","meta":[],"product_brand":[198],"product_cat":[214,188],"product_tag":[161,177,176,182],"class_list":{"0":"post-5448","1":"product","2":"type-product","3":"status-publish","4":"has-post-thumbnail","6":"product_brand-fortyeight","7":"product_cat-new","8":"product_cat-shorts","9":"product_tag-fortyeight","10":"product_tag-fortyeight-berlin","11":"product_tag-fortyeight-clothing","12":"product_tag-glory48-de","14":"first","15":"instock","16":"shipping-taxable","17":"purchasable","18":"product-type-variable"},"jetpack_sharing_enabled":true,"_links":{"self":[{"href":"https:\/\/glory48.de\/en\/wp-json\/wp\/v2\/product\/5448","targetHints":{"allow":["GET"]}}],"collection":[{"href":"https:\/\/glory48.de\/en\/wp-json\/wp\/v2\/product"}],"about":[{"href":"https:\/\/glory48.de\/en\/wp-json\/wp\/v2\/types\/product"}],"wp:featuredmedia":[{"embeddable":true,"href":"https:\/\/glory48.de\/en\/wp-json\/wp\/v2\/media\/5460"}],"wp:attachment":[{"href":"https:\/\/glory48.de\/en\/wp-json\/wp\/v2\/media?parent=5448"}],"wp:term":[{"taxonomy":"product_brand","embeddable":true,"href":"https:\/\/glory48.de\/en\/wp-json\/wp\/v2\/product_brand?post=5448"},{"taxonomy":"product_cat","embeddable":true,"href":"https:\/\/glory48.de\/en\/wp-json\/wp\/v2\/product_cat?post=5448"},{"taxonomy":"product_tag","embeddable":true,"href":"https:\/\/glory48.de\/en\/wp-json\/wp\/v2\/product_tag?post=5448"}],"curies":[{"name":"wp","href":"https:\/\/api.w.org\/{rel}","templated":true}]}}