{"id":5427,"date":"2025-04-19T08:59:11","date_gmt":"2025-04-19T06:59:11","guid":{"rendered":"https:\/\/glory48.de\/?post_type=product&#038;p=5427"},"modified":"2026-02-18T20:20:11","modified_gmt":"2026-02-18T19:20:11","slug":"t-shirt_can","status":"publish","type":"product","link":"https:\/\/glory48.de\/en\/shop\/t-shirts-2\/t-shirt_can\/","title":{"rendered":"T-Shirt &#8220;CAN&#8221;"},"content":{"rendered":"","protected":false},"excerpt":{"rendered":"<p><span style=\"font-size: 70%;\">In accordance with \u00a7\u202f19 of the German VAT Act (UStG), no VAT (Value Added Tax) is charged.<\/span><\/p>\n\t<div id=\"accordion-3354018870\" class=\"accordion-item\">\n\t\t<a id=\"accordion-3354018870-label\" class=\"accordion-title plain\" href=\"#accordion-item-produktbeschreibung\" aria-expanded=\"false\" aria-controls=\"accordion-3354018870-content\" >\n\t\t\t<button class=\"toggle\" aria-label=\"Toggle\"><i class=\"icon-angle-down\"><\/i><\/button>\n\t\t\t<span>Product description<\/span>\n\t\t<\/a>\n\t\t<div id=\"accordion-3354018870-content\" class=\"accordion-inner\" aria-labelledby=\"accordion-3354018870-label\" >\n\t\t\t\nKlassisch geschnittenes T-Shirt mit Aufdruck auf der Vorderseite. Verst\u00e4rktes Nackenband. Doppeln\u00e4hte an Bund und \u00c4rmeln. 100 % Baumwolle. 190 g\/m\u00b2.<br \/>\n\t\t<\/div>\n\t<\/div>\n\t\n\t<div id=\"accordion-2136168539\" class=\"accordion-item\">\n\t\t<a id=\"accordion-2136168539-label\" class=\"accordion-title plain\" href=\"#accordion-item-pflegehinweise\" aria-expanded=\"false\" aria-controls=\"accordion-2136168539-content\" >\n\t\t\t<button class=\"toggle\" aria-label=\"Toggle\"><i class=\"icon-angle-down\"><\/i><\/button>\n\t\t\t<span>Care instructions<\/span>\n\t\t<\/a>\n\t\t<div id=\"accordion-2136168539-content\" class=\"accordion-inner\" aria-labelledby=\"accordion-2136168539-label\" >\n\t\t\t\n100% Baumwolle. Waschbar mit Maschine bei 30 Grad. Nur r\u00fcckseitig b\u00fcgeln. Nicht \u00fcber Aufdruck b\u00fcgeln. Mit \u00e4hnlichen Farben waschen. Nicht f\u00fcr Trockner geeignet.<br \/>\n\t\t<\/div>\n\t<\/div>\n\t\n\t<div id=\"accordion-2962576224\" class=\"accordion-item\">\n\t\t<a id=\"accordion-2962576224-label\" class=\"accordion-title plain\" href=\"#accordion-item-versand-und-retour\" aria-expanded=\"false\" aria-controls=\"accordion-2962576224-content\" >\n\t\t\t<button class=\"toggle\" aria-label=\"Toggle\"><i class=\"icon-angle-down\"><\/i><\/button>\n\t\t\t<span>Shipping and returns<\/span>\n\t\t<\/a>\n\t\t<div id=\"accordion-2962576224-content\" class=\"accordion-inner\" aria-labelledby=\"accordion-2962576224-label\" >\n\t\t\t\n<p><span style=\"font-size: 90%;\">Versand nur innerhalb Deutschland.<\/span><\/p>\n<p><span style=\"font-size: 90%;\">Die Lieferzeit betr\u00e4gt max. 5 Werktage. <\/span><\/p>\n<p><span style=\"font-size: 90%;\">Versandkosten 5 EUR.<\/span><\/p>\n<p>Ab einem Warenwert von 48 EUR versandkostenfrei.<\/p>\n<p>The buyer is responsible for the cost of return shipping.<\/p>\n<h3><strong style=\"font-size: 90%;\"><a href=\"\/en\/versand\/\">Weitere Infos zum Versand.<\/a><\/strong><br \/>\n\t\t<\/div>\n\t<\/div>\n\t<\/h3>\n\t<div id=\"accordion-2696944801\" class=\"accordion-item\">\n\t\t<a id=\"accordion-2696944801-label\" class=\"accordion-title plain\" href=\"#accordion-item-gr\u00f6\u00dfentabelle\" aria-expanded=\"false\" aria-controls=\"accordion-2696944801-content\" >\n\t\t\t<button class=\"toggle\" aria-label=\"Toggle\"><i class=\"icon-angle-down\"><\/i><\/button>\n\t\t\t<span>Size chart<\/span>\n\t\t<\/a>\n\t\t<div id=\"accordion-2696944801-content\" class=\"accordion-inner\" aria-labelledby=\"accordion-2696944801-label\" >\n\t\t\t\n<p>Click on the table to enlarge. Opens in a new tab.<br \/>\n<a href=\"https:\/\/glory48.de\/wp-content\/uploads\/2025\/02\/Groessentabelle-1.jpg\" target=\"_blank\" rel=\"noopener\"><img loading=\"lazy\" decoding=\"async\" class=\"alignnone wp-image-5127 size-large\" src=\"https:\/\/glory48.de\/wp-content\/uploads\/2025\/02\/Groessentabelle-1-800x800.jpg\" alt=\"\" width=\"800\" height=\"800\" srcset=\"https:\/\/glory48.de\/wp-content\/uploads\/2025\/02\/Groessentabelle-1-800x800.jpg 800w, https:\/\/glory48.de\/wp-content\/uploads\/2025\/02\/Groessentabelle-1-247x247.jpg 247w, https:\/\/glory48.de\/wp-content\/uploads\/2025\/02\/Groessentabelle-1-100x100.jpg 100w, https:\/\/glory48.de\/wp-content\/uploads\/2025\/02\/Groessentabelle-1-510x510.jpg 510w, https:\/\/glory48.de\/wp-content\/uploads\/2025\/02\/Groessentabelle-1-400x400.jpg 400w, https:\/\/glory48.de\/wp-content\/uploads\/2025\/02\/Groessentabelle-1-280x280.jpg 280w, https:\/\/glory48.de\/wp-content\/uploads\/2025\/02\/Groessentabelle-1-768x768.jpg 768w, https:\/\/glory48.de\/wp-content\/uploads\/2025\/02\/Groessentabelle-1.jpg 1196w\" sizes=\"auto, (max-width: 800px) 100vw, 800px\" \/><\/a><br \/>\n\t\t<\/div>\n\t<\/div>\n\t\n<p>&nbsp;<\/p>","protected":false},"featured_media":5439,"template":"","meta":[],"product_brand":[198],"product_cat":[214,185],"product_tag":[161,177,176,182],"class_list":{"0":"post-5427","1":"product","2":"type-product","3":"status-publish","4":"has-post-thumbnail","6":"product_brand-fortyeight","7":"product_cat-new","8":"product_cat-t-shirts-2","9":"product_tag-fortyeight","10":"product_tag-fortyeight-berlin","11":"product_tag-fortyeight-clothing","12":"product_tag-glory48-de","14":"first","15":"instock","16":"shipping-taxable","17":"purchasable","18":"product-type-variable"},"jetpack_sharing_enabled":true,"_links":{"self":[{"href":"https:\/\/glory48.de\/en\/wp-json\/wp\/v2\/product\/5427","targetHints":{"allow":["GET"]}}],"collection":[{"href":"https:\/\/glory48.de\/en\/wp-json\/wp\/v2\/product"}],"about":[{"href":"https:\/\/glory48.de\/en\/wp-json\/wp\/v2\/types\/product"}],"wp:featuredmedia":[{"embeddable":true,"href":"https:\/\/glory48.de\/en\/wp-json\/wp\/v2\/media\/5439"}],"wp:attachment":[{"href":"https:\/\/glory48.de\/en\/wp-json\/wp\/v2\/media?parent=5427"}],"wp:term":[{"taxonomy":"product_brand","embeddable":true,"href":"https:\/\/glory48.de\/en\/wp-json\/wp\/v2\/product_brand?post=5427"},{"taxonomy":"product_cat","embeddable":true,"href":"https:\/\/glory48.de\/en\/wp-json\/wp\/v2\/product_cat?post=5427"},{"taxonomy":"product_tag","embeddable":true,"href":"https:\/\/glory48.de\/en\/wp-json\/wp\/v2\/product_tag?post=5427"}],"curies":[{"name":"wp","href":"https:\/\/api.w.org\/{rel}","templated":true}]}}