{"id":517,"date":"2017-09-16T02:26:46","date_gmt":"2017-09-16T00:26:46","guid":{"rendered":"http:\/\/glory48.de\/?post_type=product&#038;p=517"},"modified":"2025-09-09T20:48:16","modified_gmt":"2025-09-09T18:48:16","slug":"nice-girls-finish-last","status":"publish","type":"product","link":"https:\/\/glory48.de\/en\/shop\/t-shirts-2\/nice-girls-finish-last\/","title":{"rendered":"T-Shirt &#8220;NICE GIRLS FINISH LAST&#8221;"},"content":{"rendered":"","protected":false},"excerpt":{"rendered":"<p><strong>Klassisch geschnittenes T-Shirt f\u00fcr Frauen mit weitem Rundhals-Ausschnitt, Aufdruck auf Brust- und R\u00fcckenseite. 100% Baumwolle. Doppeln\u00e4hte an Bund und \u00c4rmeln. Rippkragen mit Elastan-Anteil.<\/strong><\/p>\n<p><a href=\"https:\/\/glory48.de\/en\/shop\/frauen\/ngfl\/\"><strong>&gt; Hier auch als Tank Shirt erh\u00e4ltlich!<\/strong><\/a><\/p>\n<p><strong><a href=\"\/en\/versand\/\"><span style=\"font-size: 90%;\">Shipping <\/span><\/a><\/strong><span style=\"font-size: 90%;\">only within Germany. Delivery time is max. 5 business days.<\/span><\/p>\n<p><span style=\"font-size: 90%;\">In accordance with \u00a7\u202f19 of the German VAT Act (UStG), no VAT (Value Added Tax) is charged.<\/span><\/p>","protected":false},"featured_media":1299,"template":"","meta":[],"product_brand":[],"product_cat":[185],"product_tag":[],"class_list":{"0":"post-517","1":"product","2":"type-product","3":"status-publish","4":"has-post-thumbnail","6":"product_cat-t-shirts-2","8":"first","9":"instock","10":"shipping-taxable","11":"purchasable","12":"product-type-variable","13":"has-default-attributes"},"jetpack_sharing_enabled":true,"_links":{"self":[{"href":"https:\/\/glory48.de\/en\/wp-json\/wp\/v2\/product\/517","targetHints":{"allow":["GET"]}}],"collection":[{"href":"https:\/\/glory48.de\/en\/wp-json\/wp\/v2\/product"}],"about":[{"href":"https:\/\/glory48.de\/en\/wp-json\/wp\/v2\/types\/product"}],"wp:featuredmedia":[{"embeddable":true,"href":"https:\/\/glory48.de\/en\/wp-json\/wp\/v2\/media\/1299"}],"wp:attachment":[{"href":"https:\/\/glory48.de\/en\/wp-json\/wp\/v2\/media?parent=517"}],"wp:term":[{"taxonomy":"product_brand","embeddable":true,"href":"https:\/\/glory48.de\/en\/wp-json\/wp\/v2\/product_brand?post=517"},{"taxonomy":"product_cat","embeddable":true,"href":"https:\/\/glory48.de\/en\/wp-json\/wp\/v2\/product_cat?post=517"},{"taxonomy":"product_tag","embeddable":true,"href":"https:\/\/glory48.de\/en\/wp-json\/wp\/v2\/product_tag?post=517"}],"curies":[{"name":"wp","href":"https:\/\/api.w.org\/{rel}","templated":true}]}}