{"id":505,"date":"2017-09-09T02:48:57","date_gmt":"2017-09-09T00:48:57","guid":{"rendered":"http:\/\/glory48.de\/?post_type=product&#038;p=505"},"modified":"2025-04-07T16:18:10","modified_gmt":"2025-04-07T14:18:10","slug":"the-glorious-tshirt","status":"publish","type":"product","link":"https:\/\/glory48.de\/en\/shop\/t-shirts-2\/the-glorious-tshirt\/","title":{"rendered":"T-Shirt &#8220;THE GLORIOUS&#8221;"},"content":{"rendered":"","protected":false},"excerpt":{"rendered":"<p><strong>Klassisch geschnittenes Rundhals-T-Shirt mit Aufdruck auf der Brustseite. 100% Baumwolle. Doppeln\u00e4hte an Bund und \u00c4rmeln. Rippkragen mit Elastan-Anteil und verst\u00e4rktes Nackenband.<\/strong><\/p>\n<p><strong><a href=\"\/en\/the_glorious_tank\/\">&gt; Auch als Tank-Shirt erh\u00e4ltlich!<\/a><\/strong><\/p>\n<p><span style=\"font-size: 90%;\"><strong><a href=\"\/en\/versand\/\">Shipping <\/a><\/strong>only within Germany. Delivery time is max. 5 business days.<\/span><\/p>\n<p><span style=\"font-size: 90%;\">In accordance with \u00a7\u202f19 of the German VAT Act (UStG), no VAT (Value Added Tax) is charged.<\/span><\/p>","protected":false},"featured_media":2792,"template":"","meta":[],"product_brand":[],"product_cat":[185],"product_tag":[],"class_list":{"0":"post-505","1":"product","2":"type-product","3":"status-publish","4":"has-post-thumbnail","6":"product_cat-t-shirts-2","8":"first","9":"instock","10":"shipping-taxable","11":"purchasable","12":"product-type-variable","13":"has-default-attributes"},"jetpack_sharing_enabled":true,"_links":{"self":[{"href":"https:\/\/glory48.de\/en\/wp-json\/wp\/v2\/product\/505","targetHints":{"allow":["GET"]}}],"collection":[{"href":"https:\/\/glory48.de\/en\/wp-json\/wp\/v2\/product"}],"about":[{"href":"https:\/\/glory48.de\/en\/wp-json\/wp\/v2\/types\/product"}],"wp:featuredmedia":[{"embeddable":true,"href":"https:\/\/glory48.de\/en\/wp-json\/wp\/v2\/media\/2792"}],"wp:attachment":[{"href":"https:\/\/glory48.de\/en\/wp-json\/wp\/v2\/media?parent=505"}],"wp:term":[{"taxonomy":"product_brand","embeddable":true,"href":"https:\/\/glory48.de\/en\/wp-json\/wp\/v2\/product_brand?post=505"},{"taxonomy":"product_cat","embeddable":true,"href":"https:\/\/glory48.de\/en\/wp-json\/wp\/v2\/product_cat?post=505"},{"taxonomy":"product_tag","embeddable":true,"href":"https:\/\/glory48.de\/en\/wp-json\/wp\/v2\/product_tag?post=505"}],"curies":[{"name":"wp","href":"https:\/\/api.w.org\/{rel}","templated":true}]}}