{"id":4952,"date":"2024-12-15T14:08:58","date_gmt":"2024-12-15T13:08:58","guid":{"rendered":"https:\/\/glory48.de\/?post_type=product&#038;p=4952"},"modified":"2025-03-15T14:32:47","modified_gmt":"2025-03-15T13:32:47","slug":"guerteltsche","status":"publish","type":"product","link":"https:\/\/glory48.de\/en\/shop\/archive\/guerteltsche\/","title":{"rendered":"G\u00fcrteltasche"},"content":{"rendered":"","protected":false},"excerpt":{"rendered":"<p><strong>G\u00fcrtel-\/Brusttsche aus strapazierf\u00e4higem Polyester mit gro\u00dfem Hauptfach und kleinen, front- und r\u00fcckseitigen Taschen jeweils mit Rei\u00dfverschluss.<\/strong><\/p>\n<p><span style=\"font-size: 90%;\"><strong><a href=\"\/en\/versand\/\">Shipping <\/a><\/strong>nur innerhalb Deutschland. Die Lieferzeit betr\u00e4gt f\u00fcnf Werktage.<\/span><\/p>\n<p><span style=\"font-size: 90%;\">Alle Preise ohne Mehrwertsteuerausweis gem\u00c4\u00df \u00a719 (1) UStG.<\/span><\/p>\n<p>&nbsp;<\/p>","protected":false},"featured_media":4951,"template":"","meta":[],"product_brand":[],"product_cat":[153],"product_tag":[],"class_list":{"0":"post-4952","1":"product","2":"type-product","3":"status-publish","4":"has-post-thumbnail","6":"product_cat-archive","8":"first","9":"outofstock","10":"sale","11":"featured","12":"shipping-taxable","13":"purchasable","14":"product-type-variable","15":"has-default-attributes"},"jetpack_sharing_enabled":true,"_links":{"self":[{"href":"https:\/\/glory48.de\/en\/wp-json\/wp\/v2\/product\/4952","targetHints":{"allow":["GET"]}}],"collection":[{"href":"https:\/\/glory48.de\/en\/wp-json\/wp\/v2\/product"}],"about":[{"href":"https:\/\/glory48.de\/en\/wp-json\/wp\/v2\/types\/product"}],"wp:featuredmedia":[{"embeddable":true,"href":"https:\/\/glory48.de\/en\/wp-json\/wp\/v2\/media\/4951"}],"wp:attachment":[{"href":"https:\/\/glory48.de\/en\/wp-json\/wp\/v2\/media?parent=4952"}],"wp:term":[{"taxonomy":"product_brand","embeddable":true,"href":"https:\/\/glory48.de\/en\/wp-json\/wp\/v2\/product_brand?post=4952"},{"taxonomy":"product_cat","embeddable":true,"href":"https:\/\/glory48.de\/en\/wp-json\/wp\/v2\/product_cat?post=4952"},{"taxonomy":"product_tag","embeddable":true,"href":"https:\/\/glory48.de\/en\/wp-json\/wp\/v2\/product_tag?post=4952"}],"curies":[{"name":"wp","href":"https:\/\/api.w.org\/{rel}","templated":true}]}}