{"id":4509,"date":"2024-10-10T20:55:43","date_gmt":"2024-10-10T18:55:43","guid":{"rendered":"https:\/\/glory48.de\/?post_type=product&#038;p=4509"},"modified":"2025-01-18T14:12:33","modified_gmt":"2025-01-18T13:12:33","slug":"never_surrender","status":"publish","type":"product","link":"https:\/\/glory48.de\/en\/shop\/longsleeves\/never_surrender\/","title":{"rendered":"Longsleeve \u201eNever Surrender&#8221;"},"content":{"rendered":"","protected":false},"excerpt":{"rendered":"<p><strong>Klassisch geschnittenes Rundhals-Longsleeve mit Aufdruck auf Brust und R\u00fccken. Verst\u00e4rktes Kragen- und Schulterband. Rippenb\u00fcndchen an den \u00c4rmeln. 100% Baumwolle.<br \/>\n<\/strong><\/p>\n<p><span style=\"font-size: 90%;\"><strong><a href=\"\/en\/versand\/\">Shipping <\/a><\/strong>only within Germany. Delivery time is max. 5 business days.<\/span><\/p>\n<p><span style=\"font-size: 90%;\">In accordance with \u00a7\u202f19 of the German VAT Act (UStG), no VAT (Value Added Tax) is charged.<\/span><\/p>\n<p>&nbsp;<\/p>\n<p><span style=\"color: #333333;\">\u00a0<\/span><\/p>","protected":false},"featured_media":4500,"template":"","meta":[],"product_brand":[],"product_cat":[187],"product_tag":[],"class_list":{"0":"post-4509","1":"product","2":"type-product","3":"status-publish","4":"has-post-thumbnail","6":"product_cat-longsleeves","8":"first","9":"instock","10":"shipping-taxable","11":"purchasable","12":"product-type-variable","13":"has-default-attributes"},"jetpack_sharing_enabled":true,"_links":{"self":[{"href":"https:\/\/glory48.de\/en\/wp-json\/wp\/v2\/product\/4509","targetHints":{"allow":["GET"]}}],"collection":[{"href":"https:\/\/glory48.de\/en\/wp-json\/wp\/v2\/product"}],"about":[{"href":"https:\/\/glory48.de\/en\/wp-json\/wp\/v2\/types\/product"}],"wp:featuredmedia":[{"embeddable":true,"href":"https:\/\/glory48.de\/en\/wp-json\/wp\/v2\/media\/4500"}],"wp:attachment":[{"href":"https:\/\/glory48.de\/en\/wp-json\/wp\/v2\/media?parent=4509"}],"wp:term":[{"taxonomy":"product_brand","embeddable":true,"href":"https:\/\/glory48.de\/en\/wp-json\/wp\/v2\/product_brand?post=4509"},{"taxonomy":"product_cat","embeddable":true,"href":"https:\/\/glory48.de\/en\/wp-json\/wp\/v2\/product_cat?post=4509"},{"taxonomy":"product_tag","embeddable":true,"href":"https:\/\/glory48.de\/en\/wp-json\/wp\/v2\/product_tag?post=4509"}],"curies":[{"name":"wp","href":"https:\/\/api.w.org\/{rel}","templated":true}]}}