{"id":4401,"date":"2024-09-11T21:38:10","date_gmt":"2024-09-11T19:38:10","guid":{"rendered":"https:\/\/glory48.de\/?post_type=product&#038;p=4401"},"modified":"2024-09-13T16:07:46","modified_gmt":"2024-09-13T14:07:46","slug":"t-shirt-winnie-pool-var-1","status":"publish","type":"product","link":"https:\/\/glory48.de\/en\/shop\/t-shirts-2\/t-shirt-winnie-pool-var-1\/","title":{"rendered":"T-Shirt &#8220;YOUNG &#038; RECKLESS&#8221; var. 1"},"content":{"rendered":"","protected":false},"excerpt":{"rendered":"<p><strong>Klassisch geschnittenes Rundhals-Tshirt mit Frontside Print. Verst\u00e4rktes Nackenbandband. Doppeln\u00e4hte an Bund und \u00c4rmeln.<br \/>\n<\/strong><!--more--><\/p>\n<p><span style=\"font-size: 90%;\"><strong><a href=\"\/en\/versand\/\">Shipping <\/a><\/strong>only within Germany. Delivery time is max. 5 business days.<\/span><\/p>\n<p><span style=\"font-size: 70%;\">In accordance with \u00a7\u202f19 of the German VAT Act (UStG), no VAT (Value Added Tax) is charged.<\/span><\/p>\n<p>&nbsp;<\/p>\n<p><span style=\"color: #333333;\">\u00a0<\/span><\/p>","protected":false},"featured_media":4382,"template":"","meta":[],"product_brand":[],"product_cat":[185],"product_tag":[161,177,176,182],"class_list":{"0":"post-4401","1":"product","2":"type-product","3":"status-publish","4":"has-post-thumbnail","6":"product_cat-t-shirts-2","7":"product_tag-fortyeight","8":"product_tag-fortyeight-berlin","9":"product_tag-fortyeight-clothing","10":"product_tag-glory48-de","12":"first","13":"instock","14":"shipping-taxable","15":"purchasable","16":"product-type-variable"},"jetpack_sharing_enabled":true,"_links":{"self":[{"href":"https:\/\/glory48.de\/en\/wp-json\/wp\/v2\/product\/4401","targetHints":{"allow":["GET"]}}],"collection":[{"href":"https:\/\/glory48.de\/en\/wp-json\/wp\/v2\/product"}],"about":[{"href":"https:\/\/glory48.de\/en\/wp-json\/wp\/v2\/types\/product"}],"wp:featuredmedia":[{"embeddable":true,"href":"https:\/\/glory48.de\/en\/wp-json\/wp\/v2\/media\/4382"}],"wp:attachment":[{"href":"https:\/\/glory48.de\/en\/wp-json\/wp\/v2\/media?parent=4401"}],"wp:term":[{"taxonomy":"product_brand","embeddable":true,"href":"https:\/\/glory48.de\/en\/wp-json\/wp\/v2\/product_brand?post=4401"},{"taxonomy":"product_cat","embeddable":true,"href":"https:\/\/glory48.de\/en\/wp-json\/wp\/v2\/product_cat?post=4401"},{"taxonomy":"product_tag","embeddable":true,"href":"https:\/\/glory48.de\/en\/wp-json\/wp\/v2\/product_tag?post=4401"}],"curies":[{"name":"wp","href":"https:\/\/api.w.org\/{rel}","templated":true}]}}