{"id":4307,"date":"2024-07-27T12:20:22","date_gmt":"2024-07-27T10:20:22","guid":{"rendered":"https:\/\/glory48.de\/?post_type=product&#038;p=4307"},"modified":"2025-12-30T13:28:21","modified_gmt":"2025-12-30T12:28:21","slug":"shorts-fortyeight","status":"publish","type":"product","link":"https:\/\/glory48.de\/en\/shop\/archive\/shorts-fortyeight\/","title":{"rendered":"Shorts &#8220;FORTYEIGHT&#8221;"},"content":{"rendered":"<p><strong>Lockere Sport- und Freizeithose aus atmungsaktivem und schnelltrocknendem Polyester mit Taschen u. Au\u00dfenzugkordel. Ohne Mesh-Innenfutter und ohne Ges\u00e4\u00dftasche! <\/strong><\/p>\n<p><span style=\"font-size: 90%;\"><strong><a href=\"\/en\/versand\/\">Shipping <\/a><\/strong>only within Germany. Delivery time is max. 5 business days.<\/span><\/p>\n<p><span style=\"font-size: 90%;\">Alle Preise ohne Mehrwertsteuerausweis gem\u00c4\u00df \u00a719 (1) UStG.<\/span><\/p>","protected":false},"excerpt":{"rendered":"<p><strong>Lockere Sport- und Freizeithose aus atmungsaktivem und schnelltrocknendem Polyester. Mit Taschen und Au\u00dfenzugkordel, ohne Mesh-Innenfutter und ohne Ges\u00e4\u00dftasche! <\/strong><\/p>\n<p><span style=\"font-size: 90%;\"><strong><a href=\"\/en\/versand\/\">Shipping <\/a><\/strong>only within Germany. Delivery time is max. 5 business days.<\/span><\/p>\n<p><span style=\"font-size: 90%;\">In accordance with \u00a7\u202f19 of the German VAT Act (UStG), no VAT (Value Added Tax) is charged.<\/span><\/p>","protected":false},"featured_media":4275,"template":"","meta":[],"product_brand":[],"product_cat":[153,188],"product_tag":[161,177,176,180],"class_list":{"0":"post-4307","1":"product","2":"type-product","3":"status-publish","4":"has-post-thumbnail","6":"product_cat-archive","7":"product_cat-shorts","8":"product_tag-fortyeight","9":"product_tag-fortyeight-berlin","10":"product_tag-fortyeight-clothing","11":"product_tag-weinrotweiss","13":"first","14":"outofstock","15":"sale","16":"featured","17":"shipping-taxable","18":"purchasable","19":"product-type-variable"},"jetpack_sharing_enabled":true,"_links":{"self":[{"href":"https:\/\/glory48.de\/en\/wp-json\/wp\/v2\/product\/4307","targetHints":{"allow":["GET"]}}],"collection":[{"href":"https:\/\/glory48.de\/en\/wp-json\/wp\/v2\/product"}],"about":[{"href":"https:\/\/glory48.de\/en\/wp-json\/wp\/v2\/types\/product"}],"wp:featuredmedia":[{"embeddable":true,"href":"https:\/\/glory48.de\/en\/wp-json\/wp\/v2\/media\/4275"}],"wp:attachment":[{"href":"https:\/\/glory48.de\/en\/wp-json\/wp\/v2\/media?parent=4307"}],"wp:term":[{"taxonomy":"product_brand","embeddable":true,"href":"https:\/\/glory48.de\/en\/wp-json\/wp\/v2\/product_brand?post=4307"},{"taxonomy":"product_cat","embeddable":true,"href":"https:\/\/glory48.de\/en\/wp-json\/wp\/v2\/product_cat?post=4307"},{"taxonomy":"product_tag","embeddable":true,"href":"https:\/\/glory48.de\/en\/wp-json\/wp\/v2\/product_tag?post=4307"}],"curies":[{"name":"wp","href":"https:\/\/api.w.org\/{rel}","templated":true}]}}