{"id":416,"date":"2017-06-19T10:38:26","date_gmt":"2017-06-19T08:38:26","guid":{"rendered":"http:\/\/glory48.de\/?post_type=product&#038;p=416"},"modified":"2025-09-09T20:52:40","modified_gmt":"2025-09-09T18:52:40","slug":"ngfl","status":"publish","type":"product","link":"https:\/\/glory48.de\/en\/shop\/tankshirts\/ngfl\/","title":{"rendered":"Tank Shirt &#8220;NICE GIRLS FINISH LAST&#8221;"},"content":{"rendered":"<p>&nbsp;<\/p>\n<p>&nbsp;<\/p>","protected":false},"excerpt":{"rendered":"<p><strong>Unter den Armen weit geschnittenes Loose Tank Top f\u00fcr Frauen mit Aufdruck auf der Brust- und R\u00fcckseite. Doppeln\u00e4hte an Bund und Tr\u00e4gern. 100% Baumwolle. <\/strong><\/p>\n<p><a href=\"\/en\/nice-girls-finish-last\/\"><strong>&gt; Auch als T-Shirt erh\u00e4ltlich.<\/strong><\/a><\/p>\n<p><span style=\"font-size: 90%;\"><strong><a href=\"\/en\/versand\/\">Shipping <\/a><\/strong>only within Germany. Delivery time is max. 5 business days.<\/span><\/p>\n<p><span style=\"font-size: 90%;\">In accordance with \u00a7\u202f19 of the German VAT Act (UStG), no VAT (Value Added Tax) is charged.<\/span><\/p>\n<p>&nbsp;<\/p>","protected":false},"featured_media":1302,"template":"","meta":[],"product_brand":[],"product_cat":[192],"product_tag":[],"class_list":{"0":"post-416","1":"product","2":"type-product","3":"status-publish","4":"has-post-thumbnail","6":"product_cat-tankshirts","8":"first","9":"outofstock","10":"shipping-taxable","11":"purchasable","12":"product-type-variable","13":"has-default-attributes"},"jetpack_sharing_enabled":true,"_links":{"self":[{"href":"https:\/\/glory48.de\/en\/wp-json\/wp\/v2\/product\/416","targetHints":{"allow":["GET"]}}],"collection":[{"href":"https:\/\/glory48.de\/en\/wp-json\/wp\/v2\/product"}],"about":[{"href":"https:\/\/glory48.de\/en\/wp-json\/wp\/v2\/types\/product"}],"wp:featuredmedia":[{"embeddable":true,"href":"https:\/\/glory48.de\/en\/wp-json\/wp\/v2\/media\/1302"}],"wp:attachment":[{"href":"https:\/\/glory48.de\/en\/wp-json\/wp\/v2\/media?parent=416"}],"wp:term":[{"taxonomy":"product_brand","embeddable":true,"href":"https:\/\/glory48.de\/en\/wp-json\/wp\/v2\/product_brand?post=416"},{"taxonomy":"product_cat","embeddable":true,"href":"https:\/\/glory48.de\/en\/wp-json\/wp\/v2\/product_cat?post=416"},{"taxonomy":"product_tag","embeddable":true,"href":"https:\/\/glory48.de\/en\/wp-json\/wp\/v2\/product_tag?post=416"}],"curies":[{"name":"wp","href":"https:\/\/api.w.org\/{rel}","templated":true}]}}