{"id":2412,"date":"2023-08-09T15:15:25","date_gmt":"2023-08-09T13:15:25","guid":{"rendered":"https:\/\/glory48.de\/?post_type=product&#038;p=2412"},"modified":"2025-09-03T14:02:28","modified_gmt":"2025-09-03T12:02:28","slug":"shorts-burner-red","status":"publish","type":"product","link":"https:\/\/glory48.de\/en\/shop\/shorts\/shorts-burner-red\/","title":{"rendered":"Shorts Burner Rot"},"content":{"rendered":"<p><strong>Freizeit-\/Badeshorts mit Mesh-Innenfutter und Au\u00dfenzugkordel aus atmungsaktivem und schnelltrocknendem Polyester.<\/strong><\/p>\n<p><span style=\"font-size: 90%;\"><strong><a href=\"\/en\/versand\/\">Shipping <\/a><\/strong>only within Germany. Delivery time is max. 5 business days.<\/span><\/p>\n<p><span style=\"font-size: 90%;\">Alle Preise ohne Mehrwertsteuerausweis gem\u00c4\u00df \u00a719 (1) UStG.<\/span><\/p>","protected":false},"excerpt":{"rendered":"<p><strong>Knallrote Freizeit-\/Badeshorts mit Ges\u00e4\u00dftasche, gleichfarbigem Mesh-Innenfutter und Au\u00dfenzugkordel aus atmungsaktivem und schnelltrocknendem Polyester.<\/strong><\/p>\n<p><span style=\"font-size: 90%;\"><strong><a href=\"\/en\/versand\/\">Shipping <\/a><\/strong>only within Germany. Delivery time is max. 5 business days.<\/span><\/p>\n<p><span style=\"font-size: 90%;\">In accordance with \u00a7\u202f19 of the German VAT Act (UStG), no VAT (Value Added Tax) is charged.<\/span><\/p>\n<p>&nbsp;<\/p>","protected":false},"featured_media":2421,"template":"","meta":[],"product_brand":[],"product_cat":[188],"product_tag":[161,177,176,180],"class_list":{"0":"post-2412","1":"product","2":"type-product","3":"status-publish","4":"has-post-thumbnail","6":"product_cat-shorts","7":"product_tag-fortyeight","8":"product_tag-fortyeight-berlin","9":"product_tag-fortyeight-clothing","10":"product_tag-weinrotweiss","12":"first","13":"instock","14":"featured","15":"shipping-taxable","16":"purchasable","17":"product-type-variable"},"jetpack_sharing_enabled":true,"_links":{"self":[{"href":"https:\/\/glory48.de\/en\/wp-json\/wp\/v2\/product\/2412","targetHints":{"allow":["GET"]}}],"collection":[{"href":"https:\/\/glory48.de\/en\/wp-json\/wp\/v2\/product"}],"about":[{"href":"https:\/\/glory48.de\/en\/wp-json\/wp\/v2\/types\/product"}],"wp:featuredmedia":[{"embeddable":true,"href":"https:\/\/glory48.de\/en\/wp-json\/wp\/v2\/media\/2421"}],"wp:attachment":[{"href":"https:\/\/glory48.de\/en\/wp-json\/wp\/v2\/media?parent=2412"}],"wp:term":[{"taxonomy":"product_brand","embeddable":true,"href":"https:\/\/glory48.de\/en\/wp-json\/wp\/v2\/product_brand?post=2412"},{"taxonomy":"product_cat","embeddable":true,"href":"https:\/\/glory48.de\/en\/wp-json\/wp\/v2\/product_cat?post=2412"},{"taxonomy":"product_tag","embeddable":true,"href":"https:\/\/glory48.de\/en\/wp-json\/wp\/v2\/product_tag?post=2412"}],"curies":[{"name":"wp","href":"https:\/\/api.w.org\/{rel}","templated":true}]}}