{"id":1742,"date":"2020-11-19T14:13:02","date_gmt":"2020-11-19T13:13:02","guid":{"rendered":"https:\/\/glory48.de\/?post_type=product&#038;p=1742"},"modified":"2025-04-07T16:12:04","modified_gmt":"2025-04-07T14:12:04","slug":"guerteltasche-2","status":"publish","type":"product","link":"https:\/\/glory48.de\/en\/shop\/bags\/guerteltasche-2\/","title":{"rendered":"G\u00fcrteltasche"},"content":{"rendered":"","protected":false},"excerpt":{"rendered":"<p><strong>Unsere klassisch geschnittene G\u00fcrtel- oder Umh\u00e4ngetasche ist ein stilsicheres Accessoire f\u00fcr Frauen und M\u00e4nner. <\/strong><\/p>\n<p><strong>Die mit unserem Logo gepatchte Vordertasche und das schmale Fach auf der R\u00fcckseite sind mit Rei\u00dfverschluss versehen. Der Gurt ist l\u00e4ngenverstellbar.<\/strong><\/p>\n<div class=\"legal-price-info\">\n<p><span style=\"font-size: 90%;\"><strong><a href=\"\/en\/versand\/\">Shipping <\/a><\/strong>only within Germany. Delivery time is max. 5 business days.<\/span><\/p>\n<p><span style=\"font-size: 90%;\">In accordance with \u00a7\u202f19 of the German VAT Act (UStG), no VAT (Value Added Tax) is charged.<\/span><\/p>\n<\/div>","protected":false},"featured_media":1722,"template":"","meta":[],"product_brand":[],"product_cat":[135],"product_tag":[],"class_list":{"0":"post-1742","1":"product","2":"type-product","3":"status-publish","4":"has-post-thumbnail","6":"product_cat-bags","8":"first","9":"outofstock","10":"shipping-taxable","11":"purchasable","12":"product-type-variable","13":"has-default-attributes"},"jetpack_sharing_enabled":true,"_links":{"self":[{"href":"https:\/\/glory48.de\/en\/wp-json\/wp\/v2\/product\/1742","targetHints":{"allow":["GET"]}}],"collection":[{"href":"https:\/\/glory48.de\/en\/wp-json\/wp\/v2\/product"}],"about":[{"href":"https:\/\/glory48.de\/en\/wp-json\/wp\/v2\/types\/product"}],"wp:featuredmedia":[{"embeddable":true,"href":"https:\/\/glory48.de\/en\/wp-json\/wp\/v2\/media\/1722"}],"wp:attachment":[{"href":"https:\/\/glory48.de\/en\/wp-json\/wp\/v2\/media?parent=1742"}],"wp:term":[{"taxonomy":"product_brand","embeddable":true,"href":"https:\/\/glory48.de\/en\/wp-json\/wp\/v2\/product_brand?post=1742"},{"taxonomy":"product_cat","embeddable":true,"href":"https:\/\/glory48.de\/en\/wp-json\/wp\/v2\/product_cat?post=1742"},{"taxonomy":"product_tag","embeddable":true,"href":"https:\/\/glory48.de\/en\/wp-json\/wp\/v2\/product_tag?post=1742"}],"curies":[{"name":"wp","href":"https:\/\/api.w.org\/{rel}","templated":true}]}}