{"id":1640,"date":"2020-04-19T14:12:57","date_gmt":"2020-04-19T12:12:57","guid":{"rendered":"https:\/\/glory48.de\/?post_type=product&#038;p=1640"},"modified":"2025-04-07T16:13:45","modified_gmt":"2025-04-07T14:13:45","slug":"t-shirt-2020","status":"publish","type":"product","link":"https:\/\/glory48.de\/en\/shop\/t-shirts-2\/t-shirt-2020\/","title":{"rendered":"T-Shirt"},"content":{"rendered":"<p style=\"text-align: right;\"><!--more-->9*<\/p>","protected":false},"excerpt":{"rendered":"<p><strong>Mehrfarbiges <\/strong><strong>T-Shirt mit Aufdruck auf der Brustseite. Doppeln\u00e4hte an Bund und \u00c4rmeln. Verst\u00e4rktes Nackenband. 100 % leichte und d\u00fcnngewebte Baumwolle. R\u00fcckenseite: Schwarz und Weiss. Hinweis: Auf links gedreht bei max. 30\u00b0 waschbar. Nicht b\u00fcgeln. Nicht in den Trockner.<\/strong><\/p>\n<p><span style=\"font-size: 90%;\"><strong><a href=\"\/en\/versand\/\">Shipping <\/a><\/strong>only within Germany. Delivery time is max. 5 business days.<\/span><\/p>\n<p><span style=\"font-size: 90%;\">In accordance with \u00a7\u202f19 of the German VAT Act (UStG), no VAT (Value Added Tax) is charged.<\/span><\/p>\n<p>&nbsp;<\/p>\n<p><span style=\"color: #333333;\">\u00a0<\/span><\/p>","protected":false},"featured_media":1651,"template":"","meta":[],"product_brand":[],"product_cat":[185],"product_tag":[161],"class_list":{"0":"post-1640","1":"product","2":"type-product","3":"status-publish","4":"has-post-thumbnail","6":"product_cat-t-shirts-2","7":"product_tag-fortyeight","9":"first","10":"outofstock","11":"shipping-taxable","12":"purchasable","13":"product-type-variable","14":"has-default-attributes"},"jetpack_sharing_enabled":true,"_links":{"self":[{"href":"https:\/\/glory48.de\/en\/wp-json\/wp\/v2\/product\/1640","targetHints":{"allow":["GET"]}}],"collection":[{"href":"https:\/\/glory48.de\/en\/wp-json\/wp\/v2\/product"}],"about":[{"href":"https:\/\/glory48.de\/en\/wp-json\/wp\/v2\/types\/product"}],"wp:featuredmedia":[{"embeddable":true,"href":"https:\/\/glory48.de\/en\/wp-json\/wp\/v2\/media\/1651"}],"wp:attachment":[{"href":"https:\/\/glory48.de\/en\/wp-json\/wp\/v2\/media?parent=1640"}],"wp:term":[{"taxonomy":"product_brand","embeddable":true,"href":"https:\/\/glory48.de\/en\/wp-json\/wp\/v2\/product_brand?post=1640"},{"taxonomy":"product_cat","embeddable":true,"href":"https:\/\/glory48.de\/en\/wp-json\/wp\/v2\/product_cat?post=1640"},{"taxonomy":"product_tag","embeddable":true,"href":"https:\/\/glory48.de\/en\/wp-json\/wp\/v2\/product_tag?post=1640"}],"curies":[{"name":"wp","href":"https:\/\/api.w.org\/{rel}","templated":true}]}}