{"id":164,"date":"2014-08-10T12:06:55","date_gmt":"2014-08-10T10:06:55","guid":{"rendered":"http:\/\/uxthemes.wpengine.com\/?post_type=product&#038;p=395"},"modified":"2025-11-30T08:56:36","modified_gmt":"2025-11-30T07:56:36","slug":"dirty-hands","status":"publish","type":"product","link":"https:\/\/glory48.de\/en\/shop\/t-shirts-2\/dirty-hands\/","title":{"rendered":"T-Shirt &#8220;DIRTY HANDS&#8221;"},"content":{"rendered":"","protected":false},"excerpt":{"rendered":"<p><strong>Klassisch geschnittenes\u00a0Rundhals-T-Shirt Shirt mit Aufdruck auf der Brust- und R\u00fcckenseite. Doppeln\u00e4hte an Bund und \u00c4rmeln. 100% Baumwolle. Rippkragen mit Elastan-Anteil und verst\u00e4rktes Nackenband.<\/strong><\/p>\n<p><a href=\"\/en\/dirty-hands-tank\/\"><strong>&gt; Auch als Tank Shirt erh\u00e4ltlich!<\/strong><\/a><\/p>\n<p><span style=\"font-size: 90%;\"><strong><a href=\"\/en\/versand\/\">Shipping <\/a><\/strong>only within Germany. Delivery time is max. 5 business days.<\/span><\/p>\n<p><span style=\"font-size: 90%;\">In accordance with \u00a7\u202f19 of the German VAT Act (UStG), no VAT (Value Added Tax) is charged.<\/span><\/p>\n<p>&nbsp;<\/p>","protected":false},"featured_media":2853,"template":"","meta":[],"product_brand":[],"product_cat":[185],"product_tag":[25,26],"class_list":{"0":"post-164","1":"product","2":"type-product","3":"status-publish","4":"has-post-thumbnail","6":"product_cat-t-shirts-2","7":"product_tag-man","8":"product_tag-t-shirt","10":"first","11":"instock","12":"shipping-taxable","13":"purchasable","14":"product-type-variable","15":"has-default-attributes"},"jetpack_sharing_enabled":true,"_links":{"self":[{"href":"https:\/\/glory48.de\/en\/wp-json\/wp\/v2\/product\/164","targetHints":{"allow":["GET"]}}],"collection":[{"href":"https:\/\/glory48.de\/en\/wp-json\/wp\/v2\/product"}],"about":[{"href":"https:\/\/glory48.de\/en\/wp-json\/wp\/v2\/types\/product"}],"wp:featuredmedia":[{"embeddable":true,"href":"https:\/\/glory48.de\/en\/wp-json\/wp\/v2\/media\/2853"}],"wp:attachment":[{"href":"https:\/\/glory48.de\/en\/wp-json\/wp\/v2\/media?parent=164"}],"wp:term":[{"taxonomy":"product_brand","embeddable":true,"href":"https:\/\/glory48.de\/en\/wp-json\/wp\/v2\/product_brand?post=164"},{"taxonomy":"product_cat","embeddable":true,"href":"https:\/\/glory48.de\/en\/wp-json\/wp\/v2\/product_cat?post=164"},{"taxonomy":"product_tag","embeddable":true,"href":"https:\/\/glory48.de\/en\/wp-json\/wp\/v2\/product_tag?post=164"}],"curies":[{"name":"wp","href":"https:\/\/api.w.org\/{rel}","templated":true}]}}