{"id":1568,"date":"2019-11-15T06:58:46","date_gmt":"2019-11-15T05:58:46","guid":{"rendered":"https:\/\/glory48.de\/?post_type=product&#038;p=1568"},"modified":"2025-07-17T19:39:05","modified_gmt":"2025-07-17T17:39:05","slug":"longsleeve-niceboys","status":"publish","type":"product","link":"https:\/\/glory48.de\/en\/shop\/longsleeves\/longsleeve-niceboys\/","title":{"rendered":"Longsleeve \u201eNICE BOYS FINISH LAST\u201c"},"content":{"rendered":"","protected":false},"excerpt":{"rendered":"<p><strong>Klassisch geschnittenes Rundhals-Longsleeve mit Aufdruck auf\u00a0dem \u00c4rmel, der\u00a0Brust- und R\u00fcckenseite. Verst\u00e4rktes Kragen- und Schulterband. Elastische B\u00fcndchen an den \u00c4rmeln. 100% Baumwolle.<br \/>\n<\/strong><\/p>\n<p><span style=\"font-size: 90%;\"><strong><a href=\"\/en\/versand\/\">Shipping <\/a><\/strong>only within Germany. Delivery time is max. 5 business days.<\/span><\/p>\n<p><span style=\"font-size: 90%;\">In accordance with \u00a7\u202f19 of the German VAT Act (UStG), no VAT (Value Added Tax) is charged.<\/span><\/p>\n<p>&nbsp;<\/p>\n<p><span style=\"color: #333333;\">\u00a0<\/span><\/p>","protected":false},"featured_media":4496,"template":"","meta":[],"product_brand":[],"product_cat":[187],"product_tag":[],"class_list":{"0":"post-1568","1":"product","2":"type-product","3":"status-publish","4":"has-post-thumbnail","6":"product_cat-longsleeves","8":"first","9":"instock","10":"shipping-taxable","11":"purchasable","12":"product-type-variable","13":"has-default-attributes"},"jetpack_sharing_enabled":true,"_links":{"self":[{"href":"https:\/\/glory48.de\/en\/wp-json\/wp\/v2\/product\/1568","targetHints":{"allow":["GET"]}}],"collection":[{"href":"https:\/\/glory48.de\/en\/wp-json\/wp\/v2\/product"}],"about":[{"href":"https:\/\/glory48.de\/en\/wp-json\/wp\/v2\/types\/product"}],"wp:featuredmedia":[{"embeddable":true,"href":"https:\/\/glory48.de\/en\/wp-json\/wp\/v2\/media\/4496"}],"wp:attachment":[{"href":"https:\/\/glory48.de\/en\/wp-json\/wp\/v2\/media?parent=1568"}],"wp:term":[{"taxonomy":"product_brand","embeddable":true,"href":"https:\/\/glory48.de\/en\/wp-json\/wp\/v2\/product_brand?post=1568"},{"taxonomy":"product_cat","embeddable":true,"href":"https:\/\/glory48.de\/en\/wp-json\/wp\/v2\/product_cat?post=1568"},{"taxonomy":"product_tag","embeddable":true,"href":"https:\/\/glory48.de\/en\/wp-json\/wp\/v2\/product_tag?post=1568"}],"curies":[{"name":"wp","href":"https:\/\/api.w.org\/{rel}","templated":true}]}}