{"id":1520,"date":"2019-02-07T07:41:37","date_gmt":"2019-02-07T06:41:37","guid":{"rendered":"https:\/\/glory48.de\/?post_type=product&#038;p=1520"},"modified":"2025-05-25T17:21:09","modified_gmt":"2025-05-25T15:21:09","slug":"guerteltasche-rot","status":"publish","type":"product","link":"https:\/\/glory48.de\/en\/shop\/bags\/guerteltasche-rot\/","title":{"rendered":"G\u00fcrteltasche Rot"},"content":{"rendered":"","protected":false},"excerpt":{"rendered":"<p><strong>Unsere klassisch geschnittene G\u00fcrtel- oder Umh\u00e4ngetasche ist ein stilsicheres Accessoire f\u00fcr Frauen und M\u00e4nner. <\/strong><\/p>\n<p><strong>Die mit unserem Logo bedruckte Vordertasche und das schmale Fach auf der R\u00fcckseite sind mit Rei\u00dfverschluss versehen. Der Gurt ist l\u00e4ngenverstellbar.<br \/>\n<\/strong><\/p>\n<p><span style=\"color: #000000;\"><strong><a style=\"color: #000000;\" href=\"https:\/\/glory48.de\/en\/shop\/accessoires\/guerteltasche\/\">&gt;&gt;&gt; Hier auch in schwarz erh\u00e4ltlich.<\/a><\/strong><\/span><\/p>\n<div class=\"legal-price-info\">\n<p><span style=\"font-size: 90%;\"><strong><a href=\"\/en\/versand\/\">Shipping <\/a><\/strong>only within Germany. Delivery time is max. 5 business days.<\/span><\/p>\n<p><span style=\"font-size: 90%;\">In accordance with \u00a7\u202f19 of the German VAT Act (UStG), no VAT (Value Added Tax) is charged.<\/span><\/p>\n<\/div>","protected":false},"featured_media":1518,"template":"","meta":[],"product_brand":[],"product_cat":[135],"product_tag":[],"class_list":{"0":"post-1520","1":"product","2":"type-product","3":"status-publish","4":"has-post-thumbnail","6":"product_cat-bags","8":"first","9":"outofstock","10":"shipping-taxable","11":"purchasable","12":"product-type-variable","13":"has-default-attributes"},"jetpack_sharing_enabled":true,"_links":{"self":[{"href":"https:\/\/glory48.de\/en\/wp-json\/wp\/v2\/product\/1520","targetHints":{"allow":["GET"]}}],"collection":[{"href":"https:\/\/glory48.de\/en\/wp-json\/wp\/v2\/product"}],"about":[{"href":"https:\/\/glory48.de\/en\/wp-json\/wp\/v2\/types\/product"}],"wp:featuredmedia":[{"embeddable":true,"href":"https:\/\/glory48.de\/en\/wp-json\/wp\/v2\/media\/1518"}],"wp:attachment":[{"href":"https:\/\/glory48.de\/en\/wp-json\/wp\/v2\/media?parent=1520"}],"wp:term":[{"taxonomy":"product_brand","embeddable":true,"href":"https:\/\/glory48.de\/en\/wp-json\/wp\/v2\/product_brand?post=1520"},{"taxonomy":"product_cat","embeddable":true,"href":"https:\/\/glory48.de\/en\/wp-json\/wp\/v2\/product_cat?post=1520"},{"taxonomy":"product_tag","embeddable":true,"href":"https:\/\/glory48.de\/en\/wp-json\/wp\/v2\/product_tag?post=1520"}],"curies":[{"name":"wp","href":"https:\/\/api.w.org\/{rel}","templated":true}]}}