{"id":1313,"date":"2018-06-25T19:30:52","date_gmt":"2018-06-25T17:30:52","guid":{"rendered":"https:\/\/glory48.de\/?post_type=product&#038;p=1313"},"modified":"2025-10-12T15:03:15","modified_gmt":"2025-10-12T13:03:15","slug":"t-shirt-street-kings","status":"publish","type":"product","link":"https:\/\/glory48.de\/en\/shop\/archive\/t-shirt-street-kings\/","title":{"rendered":"T-Shirt &#8220;STREET KINGS&#8221;"},"content":{"rendered":"","protected":false},"excerpt":{"rendered":"<p><strong>Klassisch geschnittenes\u00a0Rundhals-T-Shirt Shirt mit Aufdruck auf der Brustseite. Doppeln\u00e4hte an Bund und \u00c4rmeln. 100% Baumwolle. Rippkragen mit Elastan-Anteil und verst\u00e4rktes Nackenband.<\/strong><\/p>\n<p><span style=\"font-size: 90%;\"><strong><a href=\"\/en\/versand\/\">Shipping <\/a><\/strong>only within Germany. Delivery time is max. 5 business days.<\/span><\/p>\n<p><span style=\"font-size: 90%;\">In accordance with \u00a7\u202f19 of the German VAT Act (UStG), no VAT (Value Added Tax) is charged.<\/span><\/p>\n<p>&nbsp;<\/p>","protected":false},"featured_media":2831,"template":"","meta":[],"product_brand":[],"product_cat":[153],"product_tag":[25,26],"class_list":{"0":"post-1313","1":"product","2":"type-product","3":"status-publish","4":"has-post-thumbnail","6":"product_cat-archive","7":"product_tag-man","8":"product_tag-t-shirt","10":"first","11":"instock","12":"sale","13":"shipping-taxable","14":"purchasable","15":"product-type-variable","16":"has-default-attributes"},"jetpack_sharing_enabled":true,"_links":{"self":[{"href":"https:\/\/glory48.de\/en\/wp-json\/wp\/v2\/product\/1313","targetHints":{"allow":["GET"]}}],"collection":[{"href":"https:\/\/glory48.de\/en\/wp-json\/wp\/v2\/product"}],"about":[{"href":"https:\/\/glory48.de\/en\/wp-json\/wp\/v2\/types\/product"}],"wp:featuredmedia":[{"embeddable":true,"href":"https:\/\/glory48.de\/en\/wp-json\/wp\/v2\/media\/2831"}],"wp:attachment":[{"href":"https:\/\/glory48.de\/en\/wp-json\/wp\/v2\/media?parent=1313"}],"wp:term":[{"taxonomy":"product_brand","embeddable":true,"href":"https:\/\/glory48.de\/en\/wp-json\/wp\/v2\/product_brand?post=1313"},{"taxonomy":"product_cat","embeddable":true,"href":"https:\/\/glory48.de\/en\/wp-json\/wp\/v2\/product_cat?post=1313"},{"taxonomy":"product_tag","embeddable":true,"href":"https:\/\/glory48.de\/en\/wp-json\/wp\/v2\/product_tag?post=1313"}],"curies":[{"name":"wp","href":"https:\/\/api.w.org\/{rel}","templated":true}]}}