{"id":1141,"date":"2018-06-04T19:56:49","date_gmt":"2018-06-04T17:56:49","guid":{"rendered":"http:\/\/glory48.de\/?post_type=product&#038;p=1141"},"modified":"2025-05-25T17:21:09","modified_gmt":"2025-05-25T15:21:09","slug":"guerteltasche","status":"publish","type":"product","link":"https:\/\/glory48.de\/en\/shop\/bags\/guerteltasche\/","title":{"rendered":"G\u00fcrteltasche Black"},"content":{"rendered":"","protected":false},"excerpt":{"rendered":"<p><strong>Klassisch geschnittene G\u00fcrtel- oder Umh\u00e4ngetasche als Accessoire f\u00fcr Frauen und M\u00e4nner. <\/strong><\/p>\n<p><strong>Die mit unserem Logo bedruckte Vordertasche und das schmale Fach auf der R\u00fcckseite sind mit Rei\u00dfverschluss versehen. Der Gurt ist l\u00e4ngenverstellbar.<br \/>\n<\/strong><\/p>\n<p><a href=\"https:\/\/glory48.de\/en\/shop\/accessoires\/guerteltasche-rot\/\"><span style=\"color: #ff0000;\"><strong><span style=\"color: #808080;\"><span style=\"color: #000000;\">&gt;&gt;&gt; Hier auch in rot erh\u00e4ltlich.<\/span><\/span><\/strong><\/span><\/a><\/p>\n<div class=\"legal-price-info\">\n<p><span style=\"font-size: 90%;\"><strong><a href=\"\/en\/versand\/\">Shipping <\/a><\/strong>nur innerhalb Deutschland. Die Lieferzeit betr\u00e4gt 5 bis 7 Werktage.<\/span><\/p>\n<p><span style=\"font-size: 90%;\">In accordance with \u00a7\u202f19 of the German VAT Act (UStG), no VAT (Value Added Tax) is charged.<\/span><\/p>\n<\/div>","protected":false},"featured_media":1240,"template":"","meta":[],"product_brand":[],"product_cat":[135],"product_tag":[],"class_list":{"0":"post-1141","1":"product","2":"type-product","3":"status-publish","4":"has-post-thumbnail","6":"product_cat-bags","8":"first","9":"outofstock","10":"shipping-taxable","11":"purchasable","12":"product-type-variable","13":"has-default-attributes"},"jetpack_sharing_enabled":true,"_links":{"self":[{"href":"https:\/\/glory48.de\/en\/wp-json\/wp\/v2\/product\/1141","targetHints":{"allow":["GET"]}}],"collection":[{"href":"https:\/\/glory48.de\/en\/wp-json\/wp\/v2\/product"}],"about":[{"href":"https:\/\/glory48.de\/en\/wp-json\/wp\/v2\/types\/product"}],"wp:featuredmedia":[{"embeddable":true,"href":"https:\/\/glory48.de\/en\/wp-json\/wp\/v2\/media\/1240"}],"wp:attachment":[{"href":"https:\/\/glory48.de\/en\/wp-json\/wp\/v2\/media?parent=1141"}],"wp:term":[{"taxonomy":"product_brand","embeddable":true,"href":"https:\/\/glory48.de\/en\/wp-json\/wp\/v2\/product_brand?post=1141"},{"taxonomy":"product_cat","embeddable":true,"href":"https:\/\/glory48.de\/en\/wp-json\/wp\/v2\/product_cat?post=1141"},{"taxonomy":"product_tag","embeddable":true,"href":"https:\/\/glory48.de\/en\/wp-json\/wp\/v2\/product_tag?post=1141"}],"curies":[{"name":"wp","href":"https:\/\/api.w.org\/{rel}","templated":true}]}}