{"id":1035,"date":"2018-05-31T12:03:47","date_gmt":"2018-05-31T10:03:47","guid":{"rendered":"http:\/\/glory48.de\/?post_type=product&#038;p=1035"},"modified":"2025-10-17T19:25:38","modified_gmt":"2025-10-17T17:25:38","slug":"t-shirt-ugly-n-proud","status":"publish","type":"product","link":"https:\/\/glory48.de\/en\/shop\/t-shirts-2\/t-shirt-ugly-n-proud\/","title":{"rendered":"T-Shirt &#8220;UGLY `N PROUD&#8221;"},"content":{"rendered":"","protected":false},"excerpt":{"rendered":"<p><strong>Klassisch geschnittenes\u00a0Rundhals-T-Shirt mit Aufdruck auf der Brustseite. Doppeln\u00e4hte an Bund und \u00c4rmeln. 100% Baumwolle. Rippkragen mit Elastan-Anteil und verst\u00e4rktes Nackenband.<\/strong><\/p>\n<p><span style=\"font-size: 90%;\"><strong><a href=\"\/en\/versand\/\">Shipping <\/a><\/strong>only within Germany. Delivery time is max. 5 business days.<\/span><\/p>\n<p><span style=\"font-size: 90%;\">Alle Preise ohne Mehrwertsteuerausweis gem\u00c4\u00df \u00a719 (1) UStG.<\/span><\/p>","protected":false},"featured_media":1818,"template":"","meta":[],"product_brand":[],"product_cat":[185],"product_tag":[],"class_list":{"0":"post-1035","1":"product","2":"type-product","3":"status-publish","4":"has-post-thumbnail","6":"product_cat-t-shirts-2","8":"first","9":"instock","10":"shipping-taxable","11":"purchasable","12":"product-type-variable","13":"has-default-attributes"},"jetpack_sharing_enabled":true,"_links":{"self":[{"href":"https:\/\/glory48.de\/en\/wp-json\/wp\/v2\/product\/1035","targetHints":{"allow":["GET"]}}],"collection":[{"href":"https:\/\/glory48.de\/en\/wp-json\/wp\/v2\/product"}],"about":[{"href":"https:\/\/glory48.de\/en\/wp-json\/wp\/v2\/types\/product"}],"wp:featuredmedia":[{"embeddable":true,"href":"https:\/\/glory48.de\/en\/wp-json\/wp\/v2\/media\/1818"}],"wp:attachment":[{"href":"https:\/\/glory48.de\/en\/wp-json\/wp\/v2\/media?parent=1035"}],"wp:term":[{"taxonomy":"product_brand","embeddable":true,"href":"https:\/\/glory48.de\/en\/wp-json\/wp\/v2\/product_brand?post=1035"},{"taxonomy":"product_cat","embeddable":true,"href":"https:\/\/glory48.de\/en\/wp-json\/wp\/v2\/product_cat?post=1035"},{"taxonomy":"product_tag","embeddable":true,"href":"https:\/\/glory48.de\/en\/wp-json\/wp\/v2\/product_tag?post=1035"}],"curies":[{"name":"wp","href":"https:\/\/api.w.org\/{rel}","templated":true}]}}