{"id":406,"date":"2017-06-19T09:36:12","date_gmt":"2017-06-19T07:36:12","guid":{"rendered":"http:\/\/glory48.de\/?page_id=406"},"modified":"2025-10-17T20:16:47","modified_gmt":"2025-10-17T18:16:47","slug":"widerrufsbelehrung","status":"publish","type":"page","link":"https:\/\/glory48.de\/en\/widerrufsbelehrung\/","title":{"rendered":"Cancellation instruction"},"content":{"rendered":"<p>\u00a0<\/p>\n<p class=\"intro-third\">Verbrauchern steht ein Widerrufsrecht nach folgender Ma\u00dfgabe zu, wobei ein Verbraucher jede nat\u00fcrliche Person ist, die ein Rechtsgesch\u00e4ft zu Zwecken abschlie\u00dft, die \u00fcberwiegend weder ihrer gewerblichen noch ihrer selbstst\u00e4ndigen beruflichen T\u00e4tigkeit zugerechnet werden kann (\u00a7 13 n.F. BGB):<\/p>\n<h3 class=\"headline\"><strong>Right of withdrawal<\/strong><\/h3>\n<p>You have the right to withdraw from this contract within fourteen days without giving any reason. The withdrawal period is fourteen days from the day on which you or a third party named by you, who is not the carrier, took possession of the goods. To exercise your right of withdrawal, you must inform the seller<\/p>\n<p>David Hohenberger<br \/>Eitelstra\u00dfe 26<br \/>10317 Berlin<\/p>\n<p>e-mail <strong><span style=\"color: #0000ff;\"><a style=\"color: #0000ff;\" href=\"mailto:shop@glory48.de\">shop@glory48.de<\/a><\/span><\/strong><br \/>Telefon: 0176 42736942<br \/>Fax: discontinued, as it does not comply with the GDPR<\/p>\n<p>mittels einer eindeutigen Erkl\u00e4rung (z.B. ein mit der Post versandter Brief, Telefax oder E-Mail) \u00fcber Ihren Entschluss, diesen Vertrag zu widerrufen, informieren. Sie k\u00f6nnen daf\u00fcr das beigef\u00fcgte <strong><span style=\"color: #0000ff;\"><a style=\"color: #0000ff;\" href=\"https:\/\/glory48.de\/en\/widerrufsformular\/?v=2e4bbcebccf7\">Muster-Widerrufsformular<\/a><\/span><\/strong> verwenden, das jedoch nicht vorgeschrieben ist. Zur Wahrung der Widerrufsfrist reicht es aus, dass Sie die Mitteilung \u00fcber die Aus\u00fcbung des Widerrufsrechts vor Ablauf der Widerrufsfrist absenden.<\/p>\n<h3 class=\"headline\"><strong>Consequences of revocation<\/strong><\/h3>\n<p>If you withdraw from this contract, we shall reimburse you for all payments we have received from you, including delivery costs (with the exception of additional costs resulting from your choice of a type of delivery other than the cheapest standard delivery offered by us), without delay and at the latest within fourteen days of the day on which we receive notification of your withdrawal from this contract. We will use the same means of payment for this refund as you used for the original transaction, unless expressly agreed otherwise with you; in no event will you be charged for this refund. We may refuse to refund until we have received the goods back or until you have provided proof that you have returned the goods, whichever is earlier. You must return or hand over the goods to us immediately and in any case no later than fourteen days from the day on which you notify us of the withdrawal from this contract. The deadline is met if you send the goods before the expiry of the fourteen-day period. You shall bear the direct costs of returning the goods. You shall only be liable for any loss in value of the goods if this loss in value is due to handling of the goods that is not necessary for testing their condition, properties, and functionality. The deadline is met if you send the goods before the expiry of the fourteen-day period. You bear the direct costs of returning the goods. You only have to pay for any loss in value of the goods if this loss in value is due to handling of the goods that is not necessary for testing their condition, properties, and functionality.<\/p>\n<p><b>\u2013 End of the cancellation policy. \u2013<\/b><\/p>\n<p>\u00a0<\/p>\n<h3 class=\"headline\"><strong>Exclusion of the right of withdrawal<\/strong><\/h3>\n<p>The right of withdrawal does not apply to contracts for the delivery of goods that are not prefabricated and for the manufacture of which an individual selection or determination by the consumer is decisive or which are clearly tailored to the personal needs of the consumer, for the delivery of goods that can spoil quickly or whose expiration date would be quickly exceeded, for the delivery of sealed goods that are not suitable for return for reasons of health protection or hygiene if their seal has been removed after delivery, for the delivery of goods if, due to their nature, they have been inseparably mixed with other goods after delivery, for the delivery of alcoholic beverages, the price of which was agreed upon at the time of conclusion of the contract, but which can be delivered at the earliest 30 days after conclusion of the contract and whose current value depends on fluctuations in the market over which the entrepreneur has no influence, for the delivery of audio or video recordings or computer software in sealed packaging, if the seal has been removed after delivery for the delivery of newspapers, magazines, or illustrated magazines, with the exception of subscription contracts.<\/p>\n<p>\u00a0<\/p>\n<h3 class=\"headline\"><strong>Zus\u00e4tzliche Informationen zum Widerruf (keine Voraussetzung f\u00fcr die wirksame Aus\u00fcbung des Widerrufsrechts)<\/strong><\/h3>\n<p>Bitte vermeiden Sie Besch\u00e4digungen und Verunreinigungen der Ware. Senden Sie die Ware bitte m\u00f6glichst in der Originalverpackung zur\u00fcck. Wenn Sie die Originalverpackung nicht mehr besitzen, sorgen Sie bitte mit einer geeigneten Verpackung f\u00fcr einen ausreichenden Schutz vor Transportsch\u00e4den.<\/p>\n<p class=\"outro-third\">If you have any further questions, please send us an email to the following address: <span style=\"color: #0000ff;\"><strong><a style=\"color: #0000ff;\" href=\"mailto:shop@glory48.de\">shop@glory48.de<\/a><\/strong><\/span><\/p>","protected":false},"excerpt":{"rendered":"","protected":false},"author":1,"featured_media":0,"parent":0,"menu_order":24,"comment_status":"closed","ping_status":"closed","template":"","meta":{"footnotes":""},"class_list":["post-406","page","type-page","status-publish","hentry"],"jetpack_sharing_enabled":true,"_links":{"self":[{"href":"https:\/\/glory48.de\/en\/wp-json\/wp\/v2\/pages\/406","targetHints":{"allow":["GET"]}}],"collection":[{"href":"https:\/\/glory48.de\/en\/wp-json\/wp\/v2\/pages"}],"about":[{"href":"https:\/\/glory48.de\/en\/wp-json\/wp\/v2\/types\/page"}],"author":[{"embeddable":true,"href":"https:\/\/glory48.de\/en\/wp-json\/wp\/v2\/users\/1"}],"replies":[{"embeddable":true,"href":"https:\/\/glory48.de\/en\/wp-json\/wp\/v2\/comments?post=406"}],"version-history":[{"count":5,"href":"https:\/\/glory48.de\/en\/wp-json\/wp\/v2\/pages\/406\/revisions"}],"predecessor-version":[{"id":6252,"href":"https:\/\/glory48.de\/en\/wp-json\/wp\/v2\/pages\/406\/revisions\/6252"}],"wp:attachment":[{"href":"https:\/\/glory48.de\/en\/wp-json\/wp\/v2\/media?parent=406"}],"curies":[{"name":"wp","href":"https:\/\/api.w.org\/{rel}","templated":true}]}}