{"id":404,"date":"2017-06-19T09:35:10","date_gmt":"2017-06-19T07:35:10","guid":{"rendered":"http:\/\/glory48.de\/?page_id=404"},"modified":"2025-10-19T14:03:47","modified_gmt":"2025-10-19T12:03:47","slug":"zahlung","status":"publish","type":"page","link":"https:\/\/glory48.de\/en\/zahlung\/","title":{"rendered":"Zahlung"},"content":{"rendered":"<p>\u00a0<\/p>\n<p class=\"intro-third\">Hier finden Sie alle Informationen dar\u00fcber, wie Sie Ihre Artikelauswahl bezahlen k\u00f6nnen. Sollten Sie Fragen haben, schreiben Sie einfach eine E-Mail an die folgende Adresse: <span style=\"color: #0000ff;\"><strong><a style=\"color: #0000ff;\" href=\"mailto:support@glory48.de\">shop@glory48.de<\/a>.<\/strong><\/span><\/p>\n<div class=\"logo-third-paypal\">\u00a0<\/div>\n<h3><strong>Bezahlung \u00fcber PayPal (Kreditkarte, EC-Karte oder Lastschriftverfahren)<\/strong><\/h3>\n<p>Jeder, der \u00fcber ein Bankkonto, eine EC-Karte oder eine Kreditkarte verf\u00fcgt, kann problemlos mit PayPal bezahlen. Hierbei haben Sie die M\u00f6glichkeit, Ihr PayPal-Konto per Bank\u00fcberweisung aufzuladen, oder aber die unkomplizierte Bezahlung per Lastschrift oder Kreditkarte zu nutzen. Wenn sich der K\u00e4ufer auf der Bestellseite f\u00fcr eine Zahlung per PayPal entscheidet, wird er nach Best\u00e4tigung der Schaltfl\u00e4che &#8220;Jetzt kaufen&#8221; automatisch zu PayPal weitergeleitet und kann dort entweder als \u201eGast\u201c bezahlen, ein neues Konto er\u00f6ffnen oder er loggt sich mit seiner E-Mail-Adresse und Passwort in sein bestehendes PayPal-Konto ein. Dann t\u00e4tigt er die Zahlung anhand der dort vorgegebenen Anleitung. Im Anschluss an den Zahlungsauftrag erhalten Sie von PayPal eine Best\u00e4tigung per E-Mail. Bei Bezahlung per PayPal wird die bestellte Ware versandt, sobald dem Verk\u00e4ufer die Best\u00e4tigung von PayPal \u00fcber die erfolgreich abgeschlossene Transaktion vorliegt.<\/p>\n<div class=\"logo-third-vorkasse\">\u00a0<\/div>\n<h3><strong>Bezahlung per <label for=\"payment_method_bacs\">&#8220;Direkte Bank\u00fcberweisung&#8221;\u00a0<\/label>(Vorkasse)<\/strong><\/h3>\n<p>Wenn Sie per Vorkasse bezahlen m\u00f6chten, dann bezahlen Sie die Bestellung durch eine \u00dcberweisung von einem Bankkonto.<br \/>Nach Ihrer Bestellung bekommen Sie zun\u00e4chst eine automatisierte E-Mail mit der Ihre Bestellung best\u00e4tigt wird. Mit dieser E-Mail erhalten Sie auch die Bankdaten, die Sie f\u00fcr Ihre \u00dcberweisung ben\u00f6tigen. Nachdem der Betrag bei uns eingegangen ist, versenden wir die Ware. Wir bitten um Verst\u00e4ndnis, dass die Bearbeitung und Auslieferung erst erfolgen kann, sobald der Zahlungseingang auf dem untenstehenden Konto registriert wurde.<\/p>\n<p>Der Rechnungsbetrag ist an folgende in der Zahlungsaufforderung nochmals ausgewiesene Bankverbindung zu \u00fcberweisen.<\/p>\n<p>Name der Bank: Berliner Sparkasse<br \/>Empf\u00e4nger: David Hohenberger<br \/>Kontonummer: 2164051940<br \/>BLZ: 10050000<br \/>IBAN: DE04100500002164051940<br \/>BIC: BELADEBE<br \/>Verwendungszweck: Bitte geben Sie als Verwendungszweck die Bestellnummer an.<\/p>\n<div class=\"logo-third-rechnung\">\n<p>Bei Auswahl der Zahlungsart \u201eVorkasse\u201c ist der Rechnungsbetrag innerhalb von <strong>7 Kalendertagen<\/strong> auf das in der Bestellbest\u00e4tigung angegebene Konto zu \u00fcberweisen. Bitte geben Sie im Verwendungszweck Ihre Bestellnummer an, damit wir Ihre Zahlung korrekt zuordnen k\u00f6nnen.<\/p>\n<p><strong>Erfolgt innerhalb dieser Frist kein Zahlungseingang<\/strong>, behalten wir uns vor, die Bestellung <strong>ohne weitere Erinnerung zu stornieren<\/strong>. Ein Anspruch auf Lieferung besteht in diesem Fall nicht.<\/p>\n<p>\u00a0<\/p>\n<\/div>\n<h3><strong>Zahlung auf Rechnung<\/strong><\/h3>\n<p>Nach vorheriger Absprache kann die Bezahlung ggf. auch auf Rechnung erfolgen. Die Lieferadresse muss mit der Rechnungsadresse \u00fcbereinstimmen. Sie k\u00f6nnen Ihre Bestellung nach Erhalt der Ware innerhalb von 14 Tagen bezahlen.<br \/>Achten Sie bei der \u00dcberweisung bitte darauf, im Verwendungszweck Ihren Namen sowie Ihre Bestellnummer anzugeben und unterschiedliche Bestellungen immer separat zu \u00fcberweisen. Nur so kann Ihre Zahlung korrekt zugeordnet werden.<\/p>\n<p>Bei jeder Bestellung werden die Zahlungsmodalit\u00e4ten neu gepr\u00fcft. Bitte haben Sie Verst\u00e4ndnis daf\u00fcr, dass Ihnen nicht immer alle Zahlungsarten zur Verf\u00fcgung stehen.<\/p>\n<p>Der Zahlungsbetrag ist an folgende auf der Rechnung nochmals ausgewiesene Bankverbindung zu \u00fcberweisen:<\/p>\n<p>Name der Bank: Berliner Sparkasse<br \/>Empf\u00e4nger: David Hohenberger<br \/>Kontonummer: 2164051940<br \/>BLZ: 10050000<br \/>IBAN: DE04100500002164051940<br \/>BIC: BELADEBE<br \/>Verwendungszweck: Bitte geben Sie als Verwendungszweck die entsprechende Bestellnummer an.<\/p>\n<p class=\"outro-third\">If you have any further questions, please send us an email to the following address: <strong><span style=\"color: #0000ff;\"><a style=\"color: #0000ff;\" href=\"mailto:shop@glory48.de\">shop@glory48.de<\/a><\/span><\/strong><\/p>","protected":false},"excerpt":{"rendered":"","protected":false},"author":1,"featured_media":0,"parent":0,"menu_order":28,"comment_status":"closed","ping_status":"closed","template":"","meta":{"footnotes":""},"class_list":["post-404","page","type-page","status-publish","hentry"],"jetpack_sharing_enabled":true,"_links":{"self":[{"href":"https:\/\/glory48.de\/en\/wp-json\/wp\/v2\/pages\/404","targetHints":{"allow":["GET"]}}],"collection":[{"href":"https:\/\/glory48.de\/en\/wp-json\/wp\/v2\/pages"}],"about":[{"href":"https:\/\/glory48.de\/en\/wp-json\/wp\/v2\/types\/page"}],"author":[{"embeddable":true,"href":"https:\/\/glory48.de\/en\/wp-json\/wp\/v2\/users\/1"}],"replies":[{"embeddable":true,"href":"https:\/\/glory48.de\/en\/wp-json\/wp\/v2\/comments?post=404"}],"version-history":[{"count":8,"href":"https:\/\/glory48.de\/en\/wp-json\/wp\/v2\/pages\/404\/revisions"}],"predecessor-version":[{"id":6281,"href":"https:\/\/glory48.de\/en\/wp-json\/wp\/v2\/pages\/404\/revisions\/6281"}],"wp:attachment":[{"href":"https:\/\/glory48.de\/en\/wp-json\/wp\/v2\/media?parent=404"}],"curies":[{"name":"wp","href":"https:\/\/api.w.org\/{rel}","templated":true}]}}